{"id":1128,"date":"2025-06-18T13:13:57","date_gmt":"2025-06-18T11:13:57","guid":{"rendered":"https:\/\/oconnors.no\/alesund\/?page_id=1128"},"modified":"2026-01-29T13:52:30","modified_gmt":"2026-01-29T12:52:30","slug":"privat-quiz-og-chambre-separee","status":"publish","type":"page","link":"https:\/\/oconnors.no\/alesund\/privat-quiz-og-chambre-separee\/","title":{"rendered":"Privat quiz og Chambre s\u00e9par\u00e9e"},"content":{"rendered":"\n\t<div style=\"--t2-hero-dim:0.5;\" class=\"t2-hero t2-hero-content-position-center-center t2-hero-has-dim-50 t2-hero-has-fullsize-image alignfull wp-block-t2-hero alignfull\">\n\t\t<img decoding=\"async\" width=\"2560\" height=\"1920\" src=\"https:\/\/resthon.prod.dekodes.no\/content\/uploads\/sites\/3\/2026\/01\/OConnors-O-C-Alesund-2560x1920.jpeg\" class=\"t2-hero__image\" alt=\"Dame som holder gavekort premie fra pubquizzen v\u00e5r\" style=\"object-position: 69% 56%;\" loading=\"eager\" fetchpriority=\"high\" srcset=\"https:\/\/resthon.prod.dekodes.no\/content\/uploads\/sites\/3\/2026\/01\/OConnors-O-C-Alesund-2560x1920.jpeg 2560w, https:\/\/resthon.prod.dekodes.no\/content\/uploads\/sites\/3\/2026\/01\/OConnors-O-C-Alesund-300x225.jpeg 300w, https:\/\/resthon.prod.dekodes.no\/content\/uploads\/sites\/3\/2026\/01\/OConnors-O-C-Alesund-1024x768.jpeg 1024w, https:\/\/resthon.prod.dekodes.no\/content\/uploads\/sites\/3\/2026\/01\/OConnors-O-C-Alesund-768x576.jpeg 768w, https:\/\/resthon.prod.dekodes.no\/content\/uploads\/sites\/3\/2026\/01\/OConnors-O-C-Alesund-1536x1152.jpeg 1536w, https:\/\/resthon.prod.dekodes.no\/content\/uploads\/sites\/3\/2026\/01\/OConnors-O-C-Alesund-2048x1536.jpeg 2048w\" sizes=\"(max-width: 2560px) 100vw, 2560px\" \/>\n\t\t<div class=\"t2-hero__header\"><div class=\"t2-hero__header__content\">\n\n<h1 class=\"wp-block-heading alignwide has-text-align-center\" id=\"h-privat-quiz-og-chambre-separee\">Privat quiz og Chambre s\u00e9par\u00e9e<\/h1>\n\n\n\n<p>Her kan du f\u00e5 b\u00e5de privat rom og privat quiz! <\/p>\n\n\n\n<div class=\"wp-block-buttons is-content-justification-center is-layout-flex wp-container-core-buttons-is-layout-a89b3969 wp-block-buttons-is-layout-flex\">\n<div class=\"wp-block-button\"><a class=\"wp-block-button__link wp-element-button\" href=\"https:\/\/oconnors.no\/alesund\/selskapslokale\/\">Selskapsforesp\u00f8rsel<\/a><\/div>\n<\/div>\n\n<\/div><\/div>\n\t<\/div>\n\n\n<h2 class=\"wp-block-heading\" id=\"h-ha-din-neste-fest-hos-o-connor-s-alesund\">Ha din neste fest hos O&#8217;Connor&#8217;s \u00c5lesund <\/h2>\n\n\n\n<p>P\u00e5 O&#8217;Connor&#8217;s \u00c5lesund kan du bestille privat quiz til ditt arrangement. Det er quizmasterne v\u00e5re Trond Inge og Nikolai som tilbyr det. Det gjelder for minimum fire bord, alts\u00e5 seks personer per bord. <\/p>\n\n\n\n<p>Og dere kan selv velge hva slags quiz dere vil ha. Enten om det er allmennquiz, musikk, TV eller noe helt annet. Dere bestemmer dette med oss og quizmasterne. <\/p>\n\n\n\n<p>Privat quiz gjelder fra august. Kanskje dere har en kick-off med jobben, planlegger et julebord, en bursdag med venner, eller bare en g\u00f8y kveld ute? Uansett er det bare \u00e5 ta kontakt. <\/p>\n\n\n\n<p>Pris for privat quiz er 3500,- kroner, men om det er \u00f8nskelig med kortere quiz er dette ogs\u00e5 mulig, og prisen vil bli litt lavere. Ta kontakt med oss, s\u00e5 l\u00f8ser vi \u00f8nskene deres sammen!<\/p>\n\n\n\n<div class=\"wp-block-buttons is-content-justification-center is-layout-flex wp-container-core-buttons-is-layout-a89b3969 wp-block-buttons-is-layout-flex\">\n<div class=\"wp-block-button\"><a class=\"wp-block-button__link wp-element-button\" href=\"https:\/\/oconnors.no\/alesund\/selskapslokale\/\">Selskapsforesp\u00f8rsel<\/a><\/div>\n<\/div>\n\n\n\n<h2 class=\"wp-block-heading\" id=\"h-chambre-separee\">Chambre s\u00e9par\u00e9e<\/h2>\n\n\n\n<p>Visste du at vi kan reservere v\u00e5rt chambre s\u00e9par\u00e9e til private fester? Da f\u00e5r dere kjelleren for dere selv, og det er plass til 36 personer (25 personer med sittende middag). Dette kan v\u00e6re perfekt om dere vil ha en privat quiz, eller vil v\u00e6re for dere selv.<\/p>\n\n\n\n<figure class=\"wp-block-image size-full\"><img loading=\"lazy\" decoding=\"async\" width=\"2048\" height=\"1365\" src=\"https:\/\/resthon.prod.dekodes.no\/content\/uploads\/sites\/3\/2025\/06\/OC-alesund17.jpg\" alt=\"Chambre s\u00e9par\u00e9e p\u00e5 O'Connor's \u00c5lesund. \" class=\"wp-image-1139\" srcset=\"https:\/\/resthon.prod.dekodes.no\/content\/uploads\/sites\/3\/2025\/06\/OC-alesund17.jpg 2048w, https:\/\/resthon.prod.dekodes.no\/content\/uploads\/sites\/3\/2025\/06\/OC-alesund17-300x200.jpg 300w, https:\/\/resthon.prod.dekodes.no\/content\/uploads\/sites\/3\/2025\/06\/OC-alesund17-1024x683.jpg 1024w, https:\/\/resthon.prod.dekodes.no\/content\/uploads\/sites\/3\/2025\/06\/OC-alesund17-768x512.jpg 768w, https:\/\/resthon.prod.dekodes.no\/content\/uploads\/sites\/3\/2025\/06\/OC-alesund17-1536x1024.jpg 1536w\" sizes=\"auto, (max-width: 2048px) 100vw, 2048px\" \/><\/figure>\n\n\n\n<h2 class=\"wp-block-heading\" id=\"h-om-quizmasterne\">Om quizmasterne<\/h2>\n\n\n\n<p>Trond Inge er kjent som en engasjert quiz-vert som ikke er fremmed for \u00e5 by p\u00e5 seg selv, og liker \u00e5 krydre en variert quiz med humor og god stemning. Som han selv sier om sine vanlige quizer p\u00e5 O&#8217;connors &laquo;Det er en god quiz, som er enda g\u00f8yere enn den er god&raquo;.&nbsp;<\/p>\n\n\n\n<p>Trond Inge jobber til vanlig som radiovert I morgenshowet p\u00e5 Radio \u00c5lesund og er dermed vant til \u00e5 prate b\u00e5de med, og for, mange mennesker. \u00d8nsker du en artig quizkveld med kolleger, venner eller annet s\u00e5 lover Trond Inge dere god stemning fra start til slutt.&nbsp;<\/p>\n\n\n\n<p>Nikolai er en engasjert og erfaren quiz-master. Han var quizmaster i mange \u00e5r p\u00e5 Hoffmann f\u00f8r det forsvant, siden har han kommet ut av f\u00f8rtidspensjoneringen sin og blitt med oss p\u00e5 Oconnor\u2019s. Med en lidenskap for kunnskap og en forkj\u00e6rlighet for lure sp\u00f8rsm\u00e5l, en blanding av skarpe sp\u00f8rsm\u00e5l, skr\u00e5 humor og lun pubstemning loser han deg og laget ditt gjennom alt fra geografi og galskap til musikk og merkverdigheter. Enten du er et leksikon med puls eller bare glad i en utfordring med en pils i h\u00e5nda s\u00f8rger Nikolai for god stemning og spennende quizer.&nbsp;<\/p>\n","protected":false},"excerpt":{"rendered":"<p>Ha din neste fest hos O&#8217;Connor&#8217;s \u00c5lesund P\u00e5 O&#8217;Connor&#8217;s \u00c5lesund kan du bestille privat quiz&#8230;<\/p>\n","protected":false},"author":11,"featured_media":0,"parent":0,"menu_order":0,"comment_status":"closed","ping_status":"closed","template":"","meta":{"_acf_changed":false,"editor_notices":[],"footnotes":""},"class_list":["post-1128","page","type-page","status-publish","hentry"],"acf":[],"yoast_head":"<!-- This site is optimized with the Yoast SEO Premium plugin v27.1 (Yoast SEO v27.1.1) - https:\/\/yoast.com\/product\/yoast-seo-premium-wordpress\/ -->\n<title>Privat quiz og Chambre s\u00e9par\u00e9e - O&#039;Connors \u00c5lesund<\/title>\n<meta name=\"description\" content=\"P\u00e5 O&#039;Connor&#039;s er det mulighet for \u00e5 bestille privat quiz og privat fest i kjelleren. Ta kontakt med oss i dag!\" \/>\n<meta name=\"robots\" content=\"index, follow, max-snippet:-1, max-image-preview:large, max-video-preview:-1\" \/>\n<link rel=\"canonical\" href=\"https:\/\/oconnors.no\/alesund\/privat-quiz-og-chambre-separee\/\" \/>\n<meta property=\"og:locale\" content=\"nb_NO\" \/>\n<meta property=\"og:type\" content=\"article\" \/>\n<meta property=\"og:title\" content=\"Privat quiz og Chambre s\u00e9par\u00e9e\" \/>\n<meta property=\"og:description\" content=\"P\u00e5 O&#039;Connor&#039;s er det mulighet for \u00e5 bestille privat quiz og privat fest i kjelleren. Ta kontakt med oss i dag!\" \/>\n<meta property=\"og:url\" content=\"https:\/\/oconnors.no\/alesund\/privat-quiz-og-chambre-separee\/\" \/>\n<meta property=\"og:site_name\" content=\"O&#039;Connors \u00c5lesund\" \/>\n<meta property=\"article:modified_time\" content=\"2026-01-29T12:52:30+00:00\" \/>\n<meta property=\"og:image\" content=\"https:\/\/resthon.prod.dekodes.no\/content\/uploads\/sites\/3\/2025\/06\/OC-alesund17.jpg\" \/>\n<meta name=\"twitter:card\" content=\"summary_large_image\" \/>\n<meta name=\"twitter:label1\" content=\"Ansl. lesetid\" \/>\n\t<meta name=\"twitter:data1\" content=\"3 minutter\" \/>\n<script type=\"application\/ld+json\" class=\"yoast-schema-graph\">{\"@context\":\"https:\/\/schema.org\",\"@graph\":[{\"@type\":\"WebPage\",\"@id\":\"https:\/\/oconnors.no\/alesund\/privat-quiz-og-chambre-separee\/\",\"url\":\"https:\/\/oconnors.no\/alesund\/privat-quiz-og-chambre-separee\/\",\"name\":\"Privat quiz og Chambre s\u00e9par\u00e9e - O&#039;Connors \u00c5lesund\",\"isPartOf\":{\"@id\":\"https:\/\/oconnors.no\/alesund\/#website\"},\"primaryImageOfPage\":{\"@id\":\"https:\/\/oconnors.no\/alesund\/privat-quiz-og-chambre-separee\/#primaryimage\"},\"image\":{\"@id\":\"https:\/\/oconnors.no\/alesund\/privat-quiz-og-chambre-separee\/#primaryimage\"},\"thumbnailUrl\":\"https:\/\/resthon.prod.dekodes.no\/content\/uploads\/sites\/3\/2025\/06\/OC-alesund17.jpg\",\"datePublished\":\"2025-06-18T11:13:57+00:00\",\"dateModified\":\"2026-01-29T12:52:30+00:00\",\"description\":\"P\u00e5 O'Connor's er det mulighet for \u00e5 bestille privat quiz og privat fest i kjelleren. Ta kontakt med oss i dag!\",\"breadcrumb\":{\"@id\":\"https:\/\/oconnors.no\/alesund\/privat-quiz-og-chambre-separee\/#breadcrumb\"},\"inLanguage\":\"nb-NO\",\"potentialAction\":[{\"@type\":\"ReadAction\",\"target\":[\"https:\/\/oconnors.no\/alesund\/privat-quiz-og-chambre-separee\/\"]}]},{\"@type\":\"ImageObject\",\"inLanguage\":\"nb-NO\",\"@id\":\"https:\/\/oconnors.no\/alesund\/privat-quiz-og-chambre-separee\/#primaryimage\",\"url\":\"https:\/\/resthon.prod.dekodes.no\/content\/uploads\/sites\/3\/2025\/06\/OC-alesund17.jpg\",\"contentUrl\":\"https:\/\/resthon.prod.dekodes.no\/content\/uploads\/sites\/3\/2025\/06\/OC-alesund17.jpg\"},{\"@type\":\"BreadcrumbList\",\"@id\":\"https:\/\/oconnors.no\/alesund\/privat-quiz-og-chambre-separee\/#breadcrumb\",\"itemListElement\":[{\"@type\":\"ListItem\",\"position\":1,\"name\":\"Home\",\"item\":\"https:\/\/oconnors.no\/alesund\/\"},{\"@type\":\"ListItem\",\"position\":2,\"name\":\"Privat quiz og Chambre s\u00e9par\u00e9e\"}]},{\"@type\":\"WebSite\",\"@id\":\"https:\/\/oconnors.no\/alesund\/#website\",\"url\":\"https:\/\/oconnors.no\/alesund\/\",\"name\":\"O&#039;Connors \u00c5lesund\",\"description\":\"\",\"publisher\":{\"@id\":\"https:\/\/oconnors.no\/alesund\/#organization\"},\"potentialAction\":[{\"@type\":\"SearchAction\",\"target\":{\"@type\":\"EntryPoint\",\"urlTemplate\":\"https:\/\/oconnors.no\/alesund\/?s={search_term_string}\"},\"query-input\":{\"@type\":\"PropertyValueSpecification\",\"valueRequired\":true,\"valueName\":\"search_term_string\"}}],\"inLanguage\":\"nb-NO\"},{\"@type\":\"Organization\",\"@id\":\"https:\/\/oconnors.no\/alesund\/#organization\",\"name\":\"O&#039;Connors \u00c5lesund\",\"url\":\"https:\/\/oconnors.no\/alesund\/\",\"logo\":{\"@type\":\"ImageObject\",\"inLanguage\":\"nb-NO\",\"@id\":\"https:\/\/oconnors.no\/alesund\/#\/schema\/logo\/image\/\",\"url\":\"https:\/\/resthon.prod.dekodes.no\/content\/uploads\/sites\/3\/2024\/03\/logo-oconnors-aalesund.svg\",\"contentUrl\":\"https:\/\/resthon.prod.dekodes.no\/content\/uploads\/sites\/3\/2024\/03\/logo-oconnors-aalesund.svg\",\"caption\":\"O&#039;Connors \u00c5lesund\"},\"image\":{\"@id\":\"https:\/\/oconnors.no\/alesund\/#\/schema\/logo\/image\/\"}}]}<\/script>\n<!-- \/ Yoast SEO Premium plugin. -->","yoast_head_json":{"title":"Privat quiz og Chambre s\u00e9par\u00e9e - O&#039;Connors \u00c5lesund","description":"P\u00e5 O'Connor's er det mulighet for \u00e5 bestille privat quiz og privat fest i kjelleren. Ta kontakt med oss i dag!","robots":{"index":"index","follow":"follow","max-snippet":"max-snippet:-1","max-image-preview":"max-image-preview:large","max-video-preview":"max-video-preview:-1"},"canonical":"https:\/\/oconnors.no\/alesund\/privat-quiz-og-chambre-separee\/","og_locale":"nb_NO","og_type":"article","og_title":"Privat quiz og Chambre s\u00e9par\u00e9e","og_description":"P\u00e5 O'Connor's er det mulighet for \u00e5 bestille privat quiz og privat fest i kjelleren. Ta kontakt med oss i dag!","og_url":"https:\/\/oconnors.no\/alesund\/privat-quiz-og-chambre-separee\/","og_site_name":"O&#039;Connors \u00c5lesund","article_modified_time":"2026-01-29T12:52:30+00:00","og_image":[{"url":"https:\/\/resthon.prod.dekodes.no\/content\/uploads\/sites\/3\/2025\/06\/OC-alesund17.jpg","type":"","width":"","height":""}],"twitter_card":"summary_large_image","twitter_misc":{"Ansl. lesetid":"3 minutter"},"schema":{"@context":"https:\/\/schema.org","@graph":[{"@type":"WebPage","@id":"https:\/\/oconnors.no\/alesund\/privat-quiz-og-chambre-separee\/","url":"https:\/\/oconnors.no\/alesund\/privat-quiz-og-chambre-separee\/","name":"Privat quiz og Chambre s\u00e9par\u00e9e - O&#039;Connors \u00c5lesund","isPartOf":{"@id":"https:\/\/oconnors.no\/alesund\/#website"},"primaryImageOfPage":{"@id":"https:\/\/oconnors.no\/alesund\/privat-quiz-og-chambre-separee\/#primaryimage"},"image":{"@id":"https:\/\/oconnors.no\/alesund\/privat-quiz-og-chambre-separee\/#primaryimage"},"thumbnailUrl":"https:\/\/resthon.prod.dekodes.no\/content\/uploads\/sites\/3\/2025\/06\/OC-alesund17.jpg","datePublished":"2025-06-18T11:13:57+00:00","dateModified":"2026-01-29T12:52:30+00:00","description":"P\u00e5 O'Connor's er det mulighet for \u00e5 bestille privat quiz og privat fest i kjelleren. Ta kontakt med oss i dag!","breadcrumb":{"@id":"https:\/\/oconnors.no\/alesund\/privat-quiz-og-chambre-separee\/#breadcrumb"},"inLanguage":"nb-NO","potentialAction":[{"@type":"ReadAction","target":["https:\/\/oconnors.no\/alesund\/privat-quiz-og-chambre-separee\/"]}]},{"@type":"ImageObject","inLanguage":"nb-NO","@id":"https:\/\/oconnors.no\/alesund\/privat-quiz-og-chambre-separee\/#primaryimage","url":"https:\/\/resthon.prod.dekodes.no\/content\/uploads\/sites\/3\/2025\/06\/OC-alesund17.jpg","contentUrl":"https:\/\/resthon.prod.dekodes.no\/content\/uploads\/sites\/3\/2025\/06\/OC-alesund17.jpg"},{"@type":"BreadcrumbList","@id":"https:\/\/oconnors.no\/alesund\/privat-quiz-og-chambre-separee\/#breadcrumb","itemListElement":[{"@type":"ListItem","position":1,"name":"Home","item":"https:\/\/oconnors.no\/alesund\/"},{"@type":"ListItem","position":2,"name":"Privat quiz og Chambre s\u00e9par\u00e9e"}]},{"@type":"WebSite","@id":"https:\/\/oconnors.no\/alesund\/#website","url":"https:\/\/oconnors.no\/alesund\/","name":"O&#039;Connors \u00c5lesund","description":"","publisher":{"@id":"https:\/\/oconnors.no\/alesund\/#organization"},"potentialAction":[{"@type":"SearchAction","target":{"@type":"EntryPoint","urlTemplate":"https:\/\/oconnors.no\/alesund\/?s={search_term_string}"},"query-input":{"@type":"PropertyValueSpecification","valueRequired":true,"valueName":"search_term_string"}}],"inLanguage":"nb-NO"},{"@type":"Organization","@id":"https:\/\/oconnors.no\/alesund\/#organization","name":"O&#039;Connors \u00c5lesund","url":"https:\/\/oconnors.no\/alesund\/","logo":{"@type":"ImageObject","inLanguage":"nb-NO","@id":"https:\/\/oconnors.no\/alesund\/#\/schema\/logo\/image\/","url":"https:\/\/resthon.prod.dekodes.no\/content\/uploads\/sites\/3\/2024\/03\/logo-oconnors-aalesund.svg","contentUrl":"https:\/\/resthon.prod.dekodes.no\/content\/uploads\/sites\/3\/2024\/03\/logo-oconnors-aalesund.svg","caption":"O&#039;Connors \u00c5lesund"},"image":{"@id":"https:\/\/oconnors.no\/alesund\/#\/schema\/logo\/image\/"}}]}},"_links":{"self":[{"href":"https:\/\/oconnors.no\/alesund\/wp-json\/wp\/v2\/pages\/1128","targetHints":{"allow":["GET"]}}],"collection":[{"href":"https:\/\/oconnors.no\/alesund\/wp-json\/wp\/v2\/pages"}],"about":[{"href":"https:\/\/oconnors.no\/alesund\/wp-json\/wp\/v2\/types\/page"}],"author":[{"embeddable":true,"href":"https:\/\/oconnors.no\/alesund\/wp-json\/wp\/v2\/users\/11"}],"replies":[{"embeddable":true,"href":"https:\/\/oconnors.no\/alesund\/wp-json\/wp\/v2\/comments?post=1128"}],"version-history":[{"count":3,"href":"https:\/\/oconnors.no\/alesund\/wp-json\/wp\/v2\/pages\/1128\/revisions"}],"predecessor-version":[{"id":1427,"href":"https:\/\/oconnors.no\/alesund\/wp-json\/wp\/v2\/pages\/1128\/revisions\/1427"}],"wp:attachment":[{"href":"https:\/\/oconnors.no\/alesund\/wp-json\/wp\/v2\/media?parent=1128"}],"curies":[{"name":"wp","href":"https:\/\/api.w.org\/{rel}","templated":true}]}}