{"id":16,"date":"2026-01-05T12:51:00","date_gmt":"2026-01-05T11:51:00","guid":{"rendered":"https:\/\/oconnors.no\/bergen\/?page_id=16"},"modified":"2026-04-30T16:15:20","modified_gmt":"2026-04-30T14:15:20","slug":"mat","status":"publish","type":"page","link":"https:\/\/oconnors.no\/bergen\/mat\/","title":{"rendered":"Mat"},"content":{"rendered":"\t<div class=\"resthon-food-menu wp-block-resthon-food-menu\" id=\"matmeny\">\n\t\t\t\t\t<ul class=\"resthon-food-menu__switch\">\n\t\t\t\t\t\t\t\t\t<li class=\"is-selected\" data-lang=\"no\">Norsk<\/li>\n\t\t\t\t\t\t\t\t\t<li class=\"\" data-lang=\"en\">English<\/li>\n\t\t\t\t\t\t\t<\/ul>\n\t\t\t\t\t\t\t<h1 class=\"resthon-food-menu__title\"  data-no='Matmeny' data-en='Menu'>Matmeny<\/h1>\n\t\t\t\t\t\t\t<div class=\"resthon-food-menu__navigation\">\n\t\t\t\t<div class=\"swiper\">\n\t\t\t\t\t<ul class=\"swiper-wrapper\">\n\t\t\t\t\t\t\t\t\t\t\t\t\t<li class=\"swiper-slide\"><a href='#hovedrett' data-no='Hovedrett' data-en='Main Course'>Hovedrett<\/a><\/li>\n\t\t\t\t\t\t\t\t\t\t\t\t\t<li class=\"swiper-slide\"><a href='#dessert' data-no='Dessert'>Dessert<\/a><\/li>\n\t\t\t\t\t\t\t\t\t\t\t<\/ul>\n\t\t\t\t<\/div>\n\t\t\t\t<div class=\"swiper-button-prev\"><svg xmlns=\"http:\/\/www.w3.org\/2000\/svg\" viewBox=\"0 0 16 16\" height=\"24\" width=\"24\" class=\"t2-icon t2-icon-chevronright\" aria-hidden=\"true\" focusable=\"false\"><path d=\"M6.409 3.962A.856.856 0 0 0 6 4.337a.859.859 0 0 0-.016.636c.034.071.537.595 1.506 1.567L8.946 8 7.49 9.46c-.969.972-1.472 1.496-1.506 1.567a.862.862 0 0 0 .012.626.755.755 0 0 0 .914.387c.136-.044.237-.14 1.924-1.823 1.298-1.295 1.796-1.809 1.839-1.897a.803.803 0 0 0 .034-.564c-.044-.135-.145-.241-1.823-1.923-1.293-1.296-1.81-1.797-1.897-1.84a.877.877 0 0 0-.578-.031\"\/><\/svg><\/div>\n\t\t\t\t<div class=\"swiper-button-next\"><svg xmlns=\"http:\/\/www.w3.org\/2000\/svg\" viewBox=\"0 0 16 16\" height=\"24\" width=\"24\" class=\"t2-icon t2-icon-chevronright\" aria-hidden=\"true\" focusable=\"false\"><path d=\"M6.409 3.962A.856.856 0 0 0 6 4.337a.859.859 0 0 0-.016.636c.034.071.537.595 1.506 1.567L8.946 8 7.49 9.46c-.969.972-1.472 1.496-1.506 1.567a.862.862 0 0 0 .012.626.755.755 0 0 0 .914.387c.136-.044.237-.14 1.924-1.823 1.298-1.295 1.796-1.809 1.839-1.897a.803.803 0 0 0 .034-.564c-.044-.135-.145-.241-1.823-1.923-1.293-1.296-1.81-1.797-1.897-1.84a.877.877 0 0 0-.578-.031\"\/><\/svg><\/div>\n\t\t\t<\/div>\n\t\t\t\t\n\t<div class=\"resthon-food-menu-category wp-block-resthon-food-menu-category\" id=\"hovedrett\">\n\t\t\t\t\t\t\t\t\t<h2 class=\"resthon-food-menu-category__title\" data-no='Hovedrett' data-en='Main Course'>Hovedrett<\/h2>\n\t\t\t\t\t\t\t<div class=\"resthon-food-menu-category__inner\">\n\t\t\t\n\t<div class=\"resthon-food-menu-item wp-block-resthon-food-menu-item\">\n\t\t\t\t\t\t\t<div class=\"resthon-food-menu-item__head\">\n\t\t\t\t<h4 class=\"resthon-food-menu-item__title\"  data-no='\u00d8STERS' data-en='OYSTERS'>\u00d8STERS<\/h4>\n\t\t\t\t\t\t\t\t\t<p class=\"resthon-food-menu-item__price\"  data-no='350' data-en='350'>350<\/p>\n\t\t\t\t\t\t\t<\/div>\n\t\t\t\t\t\t\t<p class=\"resthon-food-menu-item__description\"  data-no='6 stk fine de claire \u00f8sters. Serveres med Guinness mignonette og lime\/sitron' data-en='6 x fine de claire oysters. Served with our Guinness mignonette and lemon\/limes.'>\n\t\t\t\t6 stk fine de claire \u00f8sters. Serveres med Guinness mignonette og lime\/sitron\t\t\t<\/p>\n\t\t\t\t\t\t\t<p class=\"resthon-food-menu-item__allergens\"  data-no='Bygg(GB),Melk(M),Svoveldioksid og sulfitt(SU)' data-en='Barley(GB),Milk(M),Sulphurdioxide, sulfite(S)'><abbr title=\"Bygg\">GB<\/abbr><abbr title=\"Melk\">M<\/abbr><abbr title=\"Svoveldioksid og sulfitt\">SU<\/abbr><\/p>\n\t\t\t<\/div>\n\t\n\n\t<div class=\"resthon-food-menu-item wp-block-resthon-food-menu-item\">\n\t\t\t\t\t\t\t<div class=\"resthon-food-menu-item__head\">\n\t\t\t\t<h4 class=\"resthon-food-menu-item__title\"  data-en='SHRIMP SANDWICH' data-no='REKESM\u00d8RBR\u00d8D'>REKESM\u00d8RBR\u00d8D<\/h4>\n\t\t\t\t\t\t\t\t\t<p class=\"resthon-food-menu-item__price\"  data-en='279' data-no='279'>279<\/p>\n\t\t\t\t\t\t\t<\/div>\n\t\t\t\t\t\t\t<p class=\"resthon-food-menu-item__description\"  data-en='Open sandwich with hand-peeled shrimps, lemon mayonnaise, slightly pickled cucumber, dill and chive' data-no='\u00c5pent sm\u00f8rbr\u00f8d med h\u00e5ndpillede reker, sitronmajones, lettsyltet agurk, dill og gressl\u00f8k'>\n\t\t\t\t\u00c5pent sm\u00f8rbr\u00f8d med h\u00e5ndpillede reker, sitronmajones, lettsyltet agurk, dill og gressl\u00f8k\t\t\t<\/p>\n\t\t\t\t\t\t\t<p class=\"resthon-food-menu-item__allergens\"  data-no='Egg(E),Hvete(GH),Sennep(SEN),Skalldyr(SK)' data-en='Egg(E),Wheat(GW),Mustard(MU),Shellfish(SH)'><abbr title=\"Egg\">E<\/abbr><abbr title=\"Hvete\">GH<\/abbr><abbr title=\"Sennep\">SEN<\/abbr><abbr title=\"Skalldyr\">SK<\/abbr><\/p>\n\t\t\t<\/div>\n\t\n\n\t<div class=\"resthon-food-menu-item wp-block-resthon-food-menu-item\">\n\t\t\t\t\t\t\t<div class=\"resthon-food-menu-item__head\">\n\t\t\t\t<h4 class=\"resthon-food-menu-item__title\"  data-en='SMOKED SALMON SANDWICH' data-no='LAKSESM\u00d8RBR\u00d8D'>LAKSESM\u00d8RBR\u00d8D<\/h4>\n\t\t\t\t\t\t\t\t\t<p class=\"resthon-food-menu-item__price\"  data-en='279' data-no='279'>279<\/p>\n\t\t\t\t\t\t\t<\/div>\n\t\t\t\t\t\t\t<p class=\"resthon-food-menu-item__description\"  data-en='Salmon, pollock, prawns, leeks, peas and dill in white sauce topped with potato pur\u00e9e au gratin.' data-no='Ristet loff toppet med kaldr\u00f8kt laks, egg og pepperrotkrem. Serveres med eple, dill og sitronb\u00e5t.'>\n\t\t\t\tRistet loff toppet med kaldr\u00f8kt laks, egg og pepperrotkrem. Serveres med eple, dill og sitronb\u00e5t.\t\t\t<\/p>\n\t\t\t\t\t\t\t<p class=\"resthon-food-menu-item__allergens\"  data-no='Egg(E),Fisk(F),Hvete(GH),Melk(M)' data-en='Egg(E),Fish(F),Wheat(GW),Milk(M)'><abbr title=\"Egg\">E<\/abbr><abbr title=\"Fisk\">F<\/abbr><abbr title=\"Hvete\">GH<\/abbr><abbr title=\"Melk\">M<\/abbr><\/p>\n\t\t\t<\/div>\n\t\n\n\t<div class=\"resthon-food-menu-item wp-block-resthon-food-menu-item\">\n\t\t\t\t\t\t\t<div class=\"resthon-food-menu-item__head\">\n\t\t\t\t<h4 class=\"resthon-food-menu-item__title\"  data-no='IRISH STEW' data-en='IRISH STEW'>IRISH STEW<\/h4>\n\t\t\t\t\t\t\t\t\t<p class=\"resthon-food-menu-item__price\"  data-no='319' data-en='319'>319<\/p>\n\t\t\t\t\t\t\t<\/div>\n\t\t\t\t\t\t\t<p class=\"resthon-food-menu-item__description\"  data-no='Klassisk Irsk gryte med h\u00f8yrygg, Guinness, rotgr\u00f8nnsaker, potet, timian og laurb\u00e6rblad. Serveres med br\u00f8d.' data-en='Classic Irish stew with beef, Guinness, root vegetables, potato, thyme and bay leaf. Served with bread.'>\n\t\t\t\tKlassisk Irsk gryte med h\u00f8yrygg, Guinness, rotgr\u00f8nnsaker, potet, timian og laurb\u00e6rblad. Serveres med br\u00f8d.\t\t\t<\/p>\n\t\t\t\t\t\t\t<p class=\"resthon-food-menu-item__allergens\"  data-no='Selleri(SE),Hvete(GH),Melk(M)' data-en='Celery(C),Wheat(GW),Milk(M)'><abbr title=\"Selleri\">SE<\/abbr><abbr title=\"Hvete\">GH<\/abbr><abbr title=\"Melk\">M<\/abbr><\/p>\n\t\t\t<\/div>\n\t\n\n\t<div class=\"resthon-food-menu-item wp-block-resthon-food-menu-item\">\n\t\t\t\t\t\t\t<div class=\"resthon-food-menu-item__head\">\n\t\t\t\t<h4 class=\"resthon-food-menu-item__title\"  data-no='O&#039;CONNOR&#039;S GRILLED CHEESE (V)' data-en='GRILLED CHEESE (v)'>O&#8217;CONNOR&#8217;S GRILLED CHEESE (V)<\/h4>\n\t\t\t\t\t\t\t\t\t<p class=\"resthon-food-menu-item__price\"  data-no='229'>229<\/p>\n\t\t\t\t\t\t\t<\/div>\n\t\t\t\t\t\t\t<p class=\"resthon-food-menu-item__description\"  data-no='Surdeigsbr\u00f8d med cheddar, sn\u00f8frisk, hvitl\u00f8k, sennep og persille. Servert med hjemmelaget coleslaw og potetchips' data-en='Sourdough bread with Cheddar, Sn\u00f8frisk cheese, garlic, mustard and parsley. Served with green salad or potato chips. '>\n\t\t\t\tSurdeigsbr\u00f8d med cheddar, sn\u00f8frisk, hvitl\u00f8k, sennep og persille. Servert med hjemmelaget coleslaw og potetchips\t\t\t<\/p>\n\t\t\t\t\t\t\t<p class=\"resthon-food-menu-item__allergens\"  data-no='Hvete(GH) Melk(M) Sennep(SEN)' data-en='Wheat(GW) Milk(M) Mustard(MU)'><abbr title=\"Hvete\">GH<\/abbr><abbr title=\"Melk\">M<\/abbr><abbr title=\"Sennep\">SEN<\/abbr><\/p>\n\t\t\t<\/div>\n\t\n\n\t<div class=\"resthon-food-menu-item wp-block-resthon-food-menu-item\">\n\t\t\t\t\t\t\t<div class=\"resthon-food-menu-item__head\">\n\t\t\t\t<h4 class=\"resthon-food-menu-item__title\"  data-en='CREAMY FISH SOUP' data-no='&lt;strong&gt;KREMET FISKESUPPE&lt;\/strong&gt;'><strong>KREMET FISKESUPPE<\/strong><\/h4>\n\t\t\t\t\t\t\t\t\t<p class=\"resthon-food-menu-item__price\"  data-en='298' data-no='298'>298<\/p>\n\t\t\t\t\t\t\t<\/div>\n\t\t\t\t\t\t\t<p class=\"resthon-food-menu-item__description\"  data-en='Classic Bergen creamy fish soup with pollock, salmon, shrimp, leek, carrot and celeriac. Served with bread.' data-no='Klassisk kremet fiskesuppe med hyse, laks, reker, purre, gulrot og selleri. Serveres med br\u00f8d.'>\n\t\t\t\tKlassisk kremet fiskesuppe med hyse, laks, reker, purre, gulrot og selleri. Serveres med br\u00f8d.\t\t\t<\/p>\n\t\t\t\t\t\t\t<p class=\"resthon-food-menu-item__allergens\"  data-no='Selleri(SE),Fisk(F),Melk(M),Skalldyr(SK)' data-en='Celery(C),Fish(F),Milk(M),Shellfish(SH)'><abbr title=\"Selleri\">SE<\/abbr><abbr title=\"Fisk\">F<\/abbr><abbr title=\"Melk\">M<\/abbr><abbr title=\"Skalldyr\">SK<\/abbr><\/p>\n\t\t\t<\/div>\n\t\n\n\t<div class=\"resthon-food-menu-item wp-block-resthon-food-menu-item\">\n\t\t\t\t\t\t\t<div class=\"resthon-food-menu-item__head\">\n\t\t\t\t<h4 class=\"resthon-food-menu-item__title\"  data-en='LIBA PIZZA W\/ SKIFER SALAMI' data-no='LIBAPIZZA M\/ SKIFER SPEKEP\u00d8LSE'>LIBAPIZZA M\/ SKIFER SPEKEP\u00d8LSE<\/h4>\n\t\t\t\t\t\t\t\t\t<p class=\"resthon-food-menu-item__price\"  data-en='239' data-no='239'>239<\/p>\n\t\t\t\t\t\t\t<\/div>\n\t\t\t\t\t\t\t<p class=\"resthon-food-menu-item__description\"  data-en='Topped with sour cream, cheddar, Skifer salami, red onion, parsley and lemon' data-no='Toppet med r\u00f8mme, cheddar, salami fra nyyyt, r\u00f8dl\u00f8k, persille og sitron'>\n\t\t\t\tToppet med r\u00f8mme, cheddar, salami fra nyyyt, r\u00f8dl\u00f8k, persille og sitron\t\t\t<\/p>\n\t\t\t\t\t\t\t<p class=\"resthon-food-menu-item__allergens\"  data-no='Hvete(GH),Melk(M)' data-en='Wheat(GW),Milk(M)'><abbr title=\"Hvete\">GH<\/abbr><abbr title=\"Melk\">M<\/abbr><\/p>\n\t\t\t<\/div>\n\t\n\n\t<div class=\"resthon-food-menu-item wp-block-resthon-food-menu-item\">\n\t\t\t\t\t\t\t<div class=\"resthon-food-menu-item__head\">\n\t\t\t\t<h4 class=\"resthon-food-menu-item__title\"  data-en='LIBA PIZZA WITH STILTON AND PEAR (V)' data-no='LIBAPIZZA MED STILTON OG P\u00c6RE (v)'>LIBAPIZZA MED STILTON OG P\u00c6RE (v)<\/h4>\n\t\t\t\t\t\t\t\t\t<p class=\"resthon-food-menu-item__price\"  data-no='239'>239<\/p>\n\t\t\t\t\t\t\t<\/div>\n\t\t\t\t\t\t\t<p class=\"resthon-food-menu-item__description\"  data-en='Topped with sour cream, cheddar, stilton, pear, almonds, honey and lemon.' data-no='Toppet med r\u00f8mme, Cheddar, Stilton, p\u00e6re, mandler, honning og sitron.'>\n\t\t\t\tToppet med r\u00f8mme, Cheddar, Stilton, p\u00e6re, mandler, honning og sitron.\t\t\t<\/p>\n\t\t\t\t\t\t\t<p class=\"resthon-food-menu-item__allergens\"  data-no='Hvete(GH),Melk(M),Mandel(NM)' data-en='Wheat(GW),Milk(M),Almond(NA)'><abbr title=\"Hvete\">GH<\/abbr><abbr title=\"Melk\">M<\/abbr><abbr title=\"Mandel\">NM<\/abbr><\/p>\n\t\t\t<\/div>\n\t\n\n\t<div class=\"resthon-food-menu-item wp-block-resthon-food-menu-item\">\n\t\t\t\t\t\t\t<div class=\"resthon-food-menu-item__head\">\n\t\t\t\t<h4 class=\"resthon-food-menu-item__title\"  data-en='NACHOS W\/ PULLED BEEF' data-no='NACHOS M\/ PULLED BEEF'>NACHOS M\/ PULLED BEEF<\/h4>\n\t\t\t\t\t\t\t\t\t<p class=\"resthon-food-menu-item__price\"  data-no='289'>289<\/p>\n\t\t\t\t\t\t\t<\/div>\n\t\t\t\t\t\t\t<p class=\"resthon-food-menu-item__description\"  data-en='(Good for 1\u20132 people) Braised beef cheeks with nachos, cheddar, onion, parsley, sour cream, jalapenos and salsa.' data-no='(Passer for 1\u20132 personer) Langtidsstekte oksekjake med nachos, cheddar, l\u00f8k, persille, jalape\u00f1os. Salsa og r\u00f8mme p\u00e5 siden.'>\n\t\t\t\t(Passer for 1\u20132 personer) Langtidsstekte oksekjake med nachos, cheddar, l\u00f8k, persille, jalape\u00f1os. Salsa og r\u00f8mme p\u00e5 siden.\t\t\t<\/p>\n\t\t\t\t\t\t\t<p class=\"resthon-food-menu-item__allergens\"  data-no='Selleri(SE),Soya(SO)' data-en='Celery(C),Soy(SO)'><abbr title=\"Selleri\">SE<\/abbr><abbr title=\"Soya\">SO<\/abbr><\/p>\n\t\t\t<\/div>\n\t\n\n\t<div class=\"resthon-food-menu-item wp-block-resthon-food-menu-item\">\n\t\t\t\t\t\t\t<div class=\"resthon-food-menu-item__head\">\n\t\t\t\t<h4 class=\"resthon-food-menu-item__title\"  data-en='CHEESE AND CURED MEAT BOARD' data-no='OST- OG SPEKEMATFJ\u00d8L'>OST- OG SPEKEMATFJ\u00d8L<\/h4>\n\t\t\t\t\t\t\t\t\t<p class=\"resthon-food-menu-item__price\"  data-no='319'>319<\/p>\n\t\t\t\t\t\t\t<\/div>\n\t\t\t\t\t\t\t<p class=\"resthon-food-menu-item__description\"  data-en='(Recommended for 1-2 people) &lt;br&gt;Selected cheeses and cured meats with accompaniments.' data-no='(Passer for 1\u20132 pers)&lt;br&gt;Utvalgte oster og spekemat med tilbeh\u00f8r.'>\n\t\t\t\t(Passer for 1\u20132 pers)<br>Utvalgte oster og spekemat med tilbeh\u00f8r.\t\t\t<\/p>\n\t\t\t\t\t\t\t<p class=\"resthon-food-menu-item__allergens\"  data-no='Egg(E),Rug(GR),Hvete(GH),Sennep(SEN)' data-en='Egg(E),Rye(GR),Wheat(GW),Mustard(MU)'><abbr title=\"Egg\">E<\/abbr><abbr title=\"Rug\">GR<\/abbr><abbr title=\"Hvete\">GH<\/abbr><abbr title=\"Sennep\">SEN<\/abbr><\/p>\n\t\t\t<\/div>\n\t\n\n\t<div class=\"resthon-food-menu-item wp-block-resthon-food-menu-item\">\n\t\t\t\t\t\t\t<div class=\"resthon-food-menu-item__head\">\n\t\t\t\t<h4 class=\"resthon-food-menu-item__title\"  data-en='GARLIC BREAD' data-no='&lt;strong&gt;HVITL\u00d8KSBR\u00d8D&lt;\/strong&gt;'><strong>HVITL\u00d8KSBR\u00d8D<\/strong><\/h4>\n\t\t\t\t\t\t\t\t\t<p class=\"resthon-food-menu-item__price\"  data-en='135' data-no='135'>135<\/p>\n\t\t\t\t\t\t\t<\/div>\n\t\t\t\t\t\t\t<p class=\"resthon-food-menu-item__description\"  data-en='With fresh Norwegian goats cheese cream with herbs, lemon and garlic' data-no='Ristet ciabatta servert med marinerte oliven og hjemmelaget aioli.'>\n\t\t\t\tRistet ciabatta servert med marinerte oliven og hjemmelaget aioli.\t\t\t<\/p>\n\t\t\t\t\t\t\t<p class=\"resthon-food-menu-item__allergens\"  data-no='Egg(E),Hvete(GH),Sennep(SEN)' data-en='Egg(E),Wheat(GW),Mustard(MU)'><abbr title=\"Egg\">E<\/abbr><abbr title=\"Hvete\">GH<\/abbr><abbr title=\"Sennep\">SEN<\/abbr><\/p>\n\t\t\t<\/div>\n\t\n\t\t<\/div>\n\t<\/div>\n\t\n\n\t<div class=\"resthon-food-menu-category wp-block-resthon-food-menu-category\" id=\"dessert\">\n\t\t\t\t\t\t\t\t\t<h2 class=\"resthon-food-menu-category__title\" data-no='Dessert'>Dessert<\/h2>\n\t\t\t\t\t\t\t<div class=\"resthon-food-menu-category__inner\">\n\t\t\t\n\t<div class=\"resthon-food-menu-item wp-block-resthon-food-menu-item\">\n\t\t\t\t\t\t\t<div class=\"resthon-food-menu-item__head\">\n\t\t\t\t<h4 class=\"resthon-food-menu-item__title\"  data-en='&lt;strong&gt;STRAWBERRY TRIFLE&lt;\/strong&gt;' data-no='JORDB\u00c6RTRIFLE'>JORDB\u00c6RTRIFLE<\/h4>\n\t\t\t\t\t\t\t\t\t<p class=\"resthon-food-menu-item__price\"  data-en='135' data-no='135'>135<\/p>\n\t\t\t\t\t\t\t<\/div>\n\t\t\t\t\t\t\t<p class=\"resthon-food-menu-item__description\"  data-en='Layers of sponge cake and strawberry sauce, topped with a light goat cheese cream.' data-no='Lagvis med sukkerbr\u00f8d og jordb\u00e6rsaus, toppet med en lett krem av geitekremost.'>\n\t\t\t\tLagvis med sukkerbr\u00f8d og jordb\u00e6rsaus, toppet med en lett krem av geitekremost.\t\t\t<\/p>\n\t\t\t\t\t\t\t<p class=\"resthon-food-menu-item__allergens\"  data-no='Egg(E),Hvete(GH),Melk(M)' data-en='Egg(E),Wheat(GW),Milk(M)'><abbr title=\"Egg\">E<\/abbr><abbr title=\"Hvete\">GH<\/abbr><abbr title=\"Melk\">M<\/abbr><\/p>\n\t\t\t<\/div>\n\t\n\t\t<\/div>\n\t<\/div>\n\t\n\t\t\t\t\t<div class=\"resthon-food-menu__allergens\">\n\t\t\t\t\t\t\t\t\t<p class=\"resthon-food-menu__allergens-title\"  data-no='Allergener:' data-en='Allergens info:'>Allergener:<\/p>\n\t\t\t\t\t\t\t\t<p  data-no='Bygg (GB), Egg (E), Fisk (F), Hvete (GH), Mandel (NM), Melk (M), Rug (GR), Selleri (SE), Sennep (SEN), Skalldyr (SK), Soya (SO), Svoveldioksid og sulfitt (SU)' data-en='Almond (NA), Barley (GB), Celery (C), Egg (E), Fish (F), Milk (M), Mustard (MU), Rye (GR), Shellfish (SH), Soy (SO), Sulphurdioxide, sulfite (S), Wheat (GW)'>\n\t\t\t\t\tBygg (GB), Egg (E), Fisk (F), Hvete (GH), Mandel (NM), Melk (M), Rug (GR), Selleri (SE), Sennep (SEN), Skalldyr (SK), Soya (SO), Svoveldioksid og sulfitt (SU)\t\t\t\t<\/p>\n\t\t\t<\/div>\n\t\t\t<\/div>\n\t","protected":false},"excerpt":{"rendered":"","protected":false},"author":3,"featured_media":0,"parent":0,"menu_order":0,"comment_status":"closed","ping_status":"closed","template":"","meta":{"_acf_changed":false,"editor_notices":[],"footnotes":""},"class_list":["post-16","page","type-page","status-publish","hentry"],"acf":[],"yoast_head":"<!-- This site is optimized with the Yoast SEO Premium plugin v27.3 (Yoast SEO v27.4) - https:\/\/yoast.com\/product\/yoast-seo-premium-wordpress\/ -->\n<title>Mat - O&#039;Connors Bergen<\/title>\n<meta name=\"description\" content=\"P\u00e5 O&#039;Connor&#039;s f\u00e5r du deilig og mettende pubmat! Her finnes det noe for alle. Mindre og st\u00f8rre retter, og masse godt \u00e5 drikke til.\" \/>\n<meta name=\"robots\" content=\"index, follow, max-snippet:-1, max-image-preview:large, max-video-preview:-1\" \/>\n<link rel=\"canonical\" href=\"https:\/\/oconnors.no\/bergen\/mat\/\" \/>\n<meta property=\"og:locale\" content=\"nb_NO\" \/>\n<meta property=\"og:type\" content=\"article\" \/>\n<meta property=\"og:title\" content=\"Mat\" \/>\n<meta property=\"og:description\" content=\"P\u00e5 O&#039;Connor&#039;s f\u00e5r du deilig og mettende pubmat! Her finnes det noe for alle. Mindre og st\u00f8rre retter, og masse godt \u00e5 drikke til.\" \/>\n<meta property=\"og:url\" content=\"https:\/\/oconnors.no\/bergen\/mat\/\" \/>\n<meta property=\"og:site_name\" content=\"O&#039;Connors Bergen\" \/>\n<meta property=\"article:modified_time\" content=\"2026-04-30T14:15:20+00:00\" \/>\n<meta name=\"twitter:card\" content=\"summary_large_image\" \/>\n<script type=\"application\/ld+json\" class=\"yoast-schema-graph\">{\"@context\":\"https:\\\/\\\/schema.org\",\"@graph\":[{\"@type\":\"WebPage\",\"@id\":\"https:\\\/\\\/oconnors.no\\\/bergen\\\/mat\\\/\",\"url\":\"https:\\\/\\\/oconnors.no\\\/bergen\\\/mat\\\/\",\"name\":\"Mat - O&#039;Connors Bergen\",\"isPartOf\":{\"@id\":\"https:\\\/\\\/oconnors.no\\\/bergen\\\/#website\"},\"datePublished\":\"2026-01-05T11:51:00+00:00\",\"dateModified\":\"2026-04-30T14:15:20+00:00\",\"description\":\"P\u00e5 O'Connor's f\u00e5r du deilig og mettende pubmat! Her finnes det noe for alle. Mindre og st\u00f8rre retter, og masse godt \u00e5 drikke til.\",\"breadcrumb\":{\"@id\":\"https:\\\/\\\/oconnors.no\\\/bergen\\\/mat\\\/#breadcrumb\"},\"inLanguage\":\"nb-NO\",\"potentialAction\":[{\"@type\":\"ReadAction\",\"target\":[\"https:\\\/\\\/oconnors.no\\\/bergen\\\/mat\\\/\"]}]},{\"@type\":\"BreadcrumbList\",\"@id\":\"https:\\\/\\\/oconnors.no\\\/bergen\\\/mat\\\/#breadcrumb\",\"itemListElement\":[{\"@type\":\"ListItem\",\"position\":1,\"name\":\"Home\",\"item\":\"https:\\\/\\\/oconnors.no\\\/bergen\\\/\"},{\"@type\":\"ListItem\",\"position\":2,\"name\":\"Mat\"}]},{\"@type\":\"WebSite\",\"@id\":\"https:\\\/\\\/oconnors.no\\\/bergen\\\/#website\",\"url\":\"https:\\\/\\\/oconnors.no\\\/bergen\\\/\",\"name\":\"O&#039;Connors Bergen\",\"description\":\"\",\"publisher\":{\"@id\":\"https:\\\/\\\/oconnors.no\\\/bergen\\\/#organization\"},\"potentialAction\":[{\"@type\":\"SearchAction\",\"target\":{\"@type\":\"EntryPoint\",\"urlTemplate\":\"https:\\\/\\\/oconnors.no\\\/bergen\\\/?s={search_term_string}\"},\"query-input\":{\"@type\":\"PropertyValueSpecification\",\"valueRequired\":true,\"valueName\":\"search_term_string\"}}],\"inLanguage\":\"nb-NO\"},{\"@type\":\"Organization\",\"@id\":\"https:\\\/\\\/oconnors.no\\\/bergen\\\/#organization\",\"name\":\"O&#039;Connors Bergen\",\"url\":\"https:\\\/\\\/oconnors.no\\\/bergen\\\/\",\"logo\":{\"@type\":\"ImageObject\",\"inLanguage\":\"nb-NO\",\"@id\":\"https:\\\/\\\/oconnors.no\\\/bergen\\\/#\\\/schema\\\/logo\\\/image\\\/\",\"url\":\"https:\\\/\\\/resthon.prod.dekodes.no\\\/content\\\/uploads\\\/sites\\\/4\\\/2024\\\/03\\\/logo-oconnors-bergen.svg\",\"contentUrl\":\"https:\\\/\\\/resthon.prod.dekodes.no\\\/content\\\/uploads\\\/sites\\\/4\\\/2024\\\/03\\\/logo-oconnors-bergen.svg\",\"caption\":\"O&#039;Connors Bergen\"},\"image\":{\"@id\":\"https:\\\/\\\/oconnors.no\\\/bergen\\\/#\\\/schema\\\/logo\\\/image\\\/\"}}]}<\/script>\n<!-- \/ Yoast SEO Premium plugin. -->","yoast_head_json":{"title":"Mat - O&#039;Connors Bergen","description":"P\u00e5 O'Connor's f\u00e5r du deilig og mettende pubmat! Her finnes det noe for alle. Mindre og st\u00f8rre retter, og masse godt \u00e5 drikke til.","robots":{"index":"index","follow":"follow","max-snippet":"max-snippet:-1","max-image-preview":"max-image-preview:large","max-video-preview":"max-video-preview:-1"},"canonical":"https:\/\/oconnors.no\/bergen\/mat\/","og_locale":"nb_NO","og_type":"article","og_title":"Mat","og_description":"P\u00e5 O'Connor's f\u00e5r du deilig og mettende pubmat! Her finnes det noe for alle. Mindre og st\u00f8rre retter, og masse godt \u00e5 drikke til.","og_url":"https:\/\/oconnors.no\/bergen\/mat\/","og_site_name":"O&#039;Connors Bergen","article_modified_time":"2026-04-30T14:15:20+00:00","twitter_card":"summary_large_image","schema":{"@context":"https:\/\/schema.org","@graph":[{"@type":"WebPage","@id":"https:\/\/oconnors.no\/bergen\/mat\/","url":"https:\/\/oconnors.no\/bergen\/mat\/","name":"Mat - O&#039;Connors Bergen","isPartOf":{"@id":"https:\/\/oconnors.no\/bergen\/#website"},"datePublished":"2026-01-05T11:51:00+00:00","dateModified":"2026-04-30T14:15:20+00:00","description":"P\u00e5 O'Connor's f\u00e5r du deilig og mettende pubmat! Her finnes det noe for alle. Mindre og st\u00f8rre retter, og masse godt \u00e5 drikke til.","breadcrumb":{"@id":"https:\/\/oconnors.no\/bergen\/mat\/#breadcrumb"},"inLanguage":"nb-NO","potentialAction":[{"@type":"ReadAction","target":["https:\/\/oconnors.no\/bergen\/mat\/"]}]},{"@type":"BreadcrumbList","@id":"https:\/\/oconnors.no\/bergen\/mat\/#breadcrumb","itemListElement":[{"@type":"ListItem","position":1,"name":"Home","item":"https:\/\/oconnors.no\/bergen\/"},{"@type":"ListItem","position":2,"name":"Mat"}]},{"@type":"WebSite","@id":"https:\/\/oconnors.no\/bergen\/#website","url":"https:\/\/oconnors.no\/bergen\/","name":"O&#039;Connors Bergen","description":"","publisher":{"@id":"https:\/\/oconnors.no\/bergen\/#organization"},"potentialAction":[{"@type":"SearchAction","target":{"@type":"EntryPoint","urlTemplate":"https:\/\/oconnors.no\/bergen\/?s={search_term_string}"},"query-input":{"@type":"PropertyValueSpecification","valueRequired":true,"valueName":"search_term_string"}}],"inLanguage":"nb-NO"},{"@type":"Organization","@id":"https:\/\/oconnors.no\/bergen\/#organization","name":"O&#039;Connors Bergen","url":"https:\/\/oconnors.no\/bergen\/","logo":{"@type":"ImageObject","inLanguage":"nb-NO","@id":"https:\/\/oconnors.no\/bergen\/#\/schema\/logo\/image\/","url":"https:\/\/resthon.prod.dekodes.no\/content\/uploads\/sites\/4\/2024\/03\/logo-oconnors-bergen.svg","contentUrl":"https:\/\/resthon.prod.dekodes.no\/content\/uploads\/sites\/4\/2024\/03\/logo-oconnors-bergen.svg","caption":"O&#039;Connors Bergen"},"image":{"@id":"https:\/\/oconnors.no\/bergen\/#\/schema\/logo\/image\/"}}]}},"_links":{"self":[{"href":"https:\/\/oconnors.no\/bergen\/wp-json\/wp\/v2\/pages\/16","targetHints":{"allow":["GET"]}}],"collection":[{"href":"https:\/\/oconnors.no\/bergen\/wp-json\/wp\/v2\/pages"}],"about":[{"href":"https:\/\/oconnors.no\/bergen\/wp-json\/wp\/v2\/types\/page"}],"author":[{"embeddable":true,"href":"https:\/\/oconnors.no\/bergen\/wp-json\/wp\/v2\/users\/3"}],"replies":[{"embeddable":true,"href":"https:\/\/oconnors.no\/bergen\/wp-json\/wp\/v2\/comments?post=16"}],"version-history":[{"count":5,"href":"https:\/\/oconnors.no\/bergen\/wp-json\/wp\/v2\/pages\/16\/revisions"}],"predecessor-version":[{"id":1529,"href":"https:\/\/oconnors.no\/bergen\/wp-json\/wp\/v2\/pages\/16\/revisions\/1529"}],"wp:attachment":[{"href":"https:\/\/oconnors.no\/bergen\/wp-json\/wp\/v2\/media?parent=16"}],"curies":[{"name":"wp","href":"https:\/\/api.w.org\/{rel}","templated":true}]}}