{"id":8,"date":"2026-03-31T15:55:31","date_gmt":"2026-03-31T13:55:31","guid":{"rendered":"https:\/\/oconnors.no\/harstad\/?page_id=8"},"modified":"2026-04-21T12:34:35","modified_gmt":"2026-04-21T10:34:35","slug":"forside","status":"publish","type":"page","link":"https:\/\/oconnors.no\/harstad\/","title":{"rendered":"Forside"},"content":{"rendered":"\n\t<div style=\"--t2-hero-dim:0.5;\" class=\"t2-hero t2-hero-content-position-center-center t2-hero-has-dim-50 t2-hero-has-fullsize-image alignfull wp-block-t2-hero alignfull\">\n\t\t<img decoding=\"async\" width=\"1024\" height=\"684\" src=\"https:\/\/resthon.prod.dekodes.no\/content\/uploads\/sites\/32\/2026\/04\/OConnors-O\u00b4Conner\u00b4s-Alesund-Postcard-@CarlFIlipOlsson-3.jpg\" class=\"t2-hero__image\" alt=\"Bilde av to mennesker foran en bar.\" style=\"object-position: 50% 32%;\" loading=\"eager\" fetchpriority=\"high\" srcset=\"https:\/\/resthon.prod.dekodes.no\/content\/uploads\/sites\/32\/2026\/04\/OConnors-O\u00b4Conner\u00b4s-Alesund-Postcard-@CarlFIlipOlsson-3.jpg 1024w, https:\/\/resthon.prod.dekodes.no\/content\/uploads\/sites\/32\/2026\/04\/OConnors-O\u00b4Conner\u00b4s-Alesund-Postcard-@CarlFIlipOlsson-3-300x200.jpg 300w, https:\/\/resthon.prod.dekodes.no\/content\/uploads\/sites\/32\/2026\/04\/OConnors-O\u00b4Conner\u00b4s-Alesund-Postcard-@CarlFIlipOlsson-3-768x513.jpg 768w\" sizes=\"(max-width: 1024px) 100vw, 1024px\" \/>\n\t\t<div class=\"t2-hero__header\"><div class=\"t2-hero__header__content\">\n\n<h1 class=\"wp-block-heading alignwide has-text-align-center\" id=\"h-o-connor-s-irish-pub-harstad\">O\u2019Connor\u2019s Irish Pub \u2013 Harstad<\/h1>\n\n\n\n<p>Ditt irske hjem i Troms. O&#8217;Connor&#8217;s Irish Pub \u00e5pner i Harstad i andre kvartal 2026.  <\/p>\n\n\n\n<div class=\"wp-block-buttons is-content-justification-center is-layout-flex wp-container-core-buttons-is-layout-a89b3969 wp-block-buttons-is-layout-flex\">\n<div class=\"wp-block-button\"><a class=\"wp-block-button__link wp-element-button\" href=\"https:\/\/booking.gastroplanner.no\/OconnorsHarstad\/t\">Reserver bord <\/a><\/div>\n<\/div>\n\n<\/div><\/div>\n\t<\/div>\n\n\n<h2 class=\"wp-block-heading\" id=\"h-velkommen-til-o-connor-s-harstad-harsttak\">Velkommen til O&#8217;Connor&#8217;s Harstad\/H\u00e1rstt\u00e1k<\/h2>\n\n\n\n<p>I hjertet av Harstad vil du snart finne noe nytt. O\u2019Connor\u2019s blir en irsk pub i Harstad, hvor treverket er m\u00f8rkt, pinten er kald og gjestfriheten er stor.<\/p>\n\n\n\n<p>Dette blir en pub i Harstad der du kan nyte klassisk pubmat, og hvor du kan se sport p\u00e5 storskjerm i ekte pubatmosf\u00e6re. Hos oss finner du ogs\u00e5 en restaurant i Harstad med mye godt p\u00e5 menyen \u2013 inkludert flere irske klassikere.<\/p>\n\n\n\n<p>O\u2019Connor\u2019s blir et nytt tilskudd til utelivet i Harstad, og vi gleder oss til \u00e5 skape den beste stemningen med god drikke, god mat og ekte irsk pubf\u00f8lelse \u2013 midt i H\u00e1rstt\u00e1k.<\/p>\n\n\n\n<p>Velkommen til oss, vi gleder oss til \u00e5 vise dere deres nye pub og spistested i Harstad. <\/p>\n\n\n\n<h2 class=\"wp-block-heading has-text-align-center\" id=\"h-folg-oss-pa-instagram\">F\u00f8lg oss p\u00e5 Instagram<\/h2>\n\n\n\n<div id=\"sb_instagram\"  class=\"sbi sbi_mob_col_2 sbi_tab_col_2 sbi_col_3 sbi_width_resp\"\t data-feedid=\"*1\"  data-res=\"auto\" data-cols=\"3\" data-colsmobile=\"2\" data-colstablet=\"2\" data-num=\"6\" data-nummobile=\"6\" data-item-padding=\"\"\t data-shortcode-atts=\"{}\"  data-postid=\"8\" data-locatornonce=\"47c84296fa\" data-imageaspectratio=\"1:1\" data-sbi-flags=\"favorLocal\">\n\t\n\t<div id=\"sbi_images\" >\n\t\t<div class=\"sbi_item sbi_type_image sbi_new sbi_transition\"\n\tid=\"sbi_17864260716666744\" data-date=\"1775035819\">\n\t<div class=\"sbi_photo_wrap\">\n\t\t<a class=\"sbi_photo\" href=\"https:\/\/www.instagram.com\/p\/DWlYWmwlKMI\/\" target=\"_blank\" rel=\"noopener nofollow\"\n\t\t\tdata-full-res=\"https:\/\/scontent.cdninstagram.com\/v\/t51.82787-15\/657393983_18071745656320047_2092054511805885234_n.jpg?stp=dst-jpg_e35_tt6&#038;_nc_cat=103&#038;ccb=7-5&#038;_nc_sid=18de74&#038;efg=eyJlZmdfdGFnIjoiRkVFRC5iZXN0X2ltYWdlX3VybGdlbi5DMyJ9&#038;_nc_ohc=EO9jxJN189kQ7kNvwFp00zL&#038;_nc_oc=AdoRpXRTq8ihD99Xj_c_4q2Gh38BOVwqCXJBUKcvYK75zH7rDP5xDebPO1DBtV6h7LHyODx9Hd-IltO1EaRQCK6F&#038;_nc_zt=23&#038;_nc_ht=scontent.cdninstagram.com&#038;edm=ANo9K5cEAAAA&#038;_nc_gid=ozckw9rpSNTkZOCTWjhaIQ&#038;_nc_tpa=Q5bMBQHh5BalD6llj-j7m2n4WMYfcx_pr3wRDdAYseiHG7mNbZI3xvwvvnzjvj7ioYNvjcm1Lz8N0cGGzw&#038;oh=00_Af3ENfgq3CQ4XcQYxtbVD23mybDRu9q1RxDXFODQ60SKAg&#038;oe=69ED42FD\"\n\t\t\tdata-img-src-set=\"{&quot;d&quot;:&quot;https:\\\/\\\/scontent.cdninstagram.com\\\/v\\\/t51.82787-15\\\/657393983_18071745656320047_2092054511805885234_n.jpg?stp=dst-jpg_e35_tt6&amp;_nc_cat=103&amp;ccb=7-5&amp;_nc_sid=18de74&amp;efg=eyJlZmdfdGFnIjoiRkVFRC5iZXN0X2ltYWdlX3VybGdlbi5DMyJ9&amp;_nc_ohc=EO9jxJN189kQ7kNvwFp00zL&amp;_nc_oc=AdoRpXRTq8ihD99Xj_c_4q2Gh38BOVwqCXJBUKcvYK75zH7rDP5xDebPO1DBtV6h7LHyODx9Hd-IltO1EaRQCK6F&amp;_nc_zt=23&amp;_nc_ht=scontent.cdninstagram.com&amp;edm=ANo9K5cEAAAA&amp;_nc_gid=ozckw9rpSNTkZOCTWjhaIQ&amp;_nc_tpa=Q5bMBQHh5BalD6llj-j7m2n4WMYfcx_pr3wRDdAYseiHG7mNbZI3xvwvvnzjvj7ioYNvjcm1Lz8N0cGGzw&amp;oh=00_Af3ENfgq3CQ4XcQYxtbVD23mybDRu9q1RxDXFODQ60SKAg&amp;oe=69ED42FD&quot;,&quot;150&quot;:&quot;https:\\\/\\\/scontent.cdninstagram.com\\\/v\\\/t51.82787-15\\\/657393983_18071745656320047_2092054511805885234_n.jpg?stp=dst-jpg_e35_tt6&amp;_nc_cat=103&amp;ccb=7-5&amp;_nc_sid=18de74&amp;efg=eyJlZmdfdGFnIjoiRkVFRC5iZXN0X2ltYWdlX3VybGdlbi5DMyJ9&amp;_nc_ohc=EO9jxJN189kQ7kNvwFp00zL&amp;_nc_oc=AdoRpXRTq8ihD99Xj_c_4q2Gh38BOVwqCXJBUKcvYK75zH7rDP5xDebPO1DBtV6h7LHyODx9Hd-IltO1EaRQCK6F&amp;_nc_zt=23&amp;_nc_ht=scontent.cdninstagram.com&amp;edm=ANo9K5cEAAAA&amp;_nc_gid=ozckw9rpSNTkZOCTWjhaIQ&amp;_nc_tpa=Q5bMBQHh5BalD6llj-j7m2n4WMYfcx_pr3wRDdAYseiHG7mNbZI3xvwvvnzjvj7ioYNvjcm1Lz8N0cGGzw&amp;oh=00_Af3ENfgq3CQ4XcQYxtbVD23mybDRu9q1RxDXFODQ60SKAg&amp;oe=69ED42FD&quot;,&quot;320&quot;:&quot;https:\\\/\\\/scontent.cdninstagram.com\\\/v\\\/t51.82787-15\\\/657393983_18071745656320047_2092054511805885234_n.jpg?stp=dst-jpg_e35_tt6&amp;_nc_cat=103&amp;ccb=7-5&amp;_nc_sid=18de74&amp;efg=eyJlZmdfdGFnIjoiRkVFRC5iZXN0X2ltYWdlX3VybGdlbi5DMyJ9&amp;_nc_ohc=EO9jxJN189kQ7kNvwFp00zL&amp;_nc_oc=AdoRpXRTq8ihD99Xj_c_4q2Gh38BOVwqCXJBUKcvYK75zH7rDP5xDebPO1DBtV6h7LHyODx9Hd-IltO1EaRQCK6F&amp;_nc_zt=23&amp;_nc_ht=scontent.cdninstagram.com&amp;edm=ANo9K5cEAAAA&amp;_nc_gid=ozckw9rpSNTkZOCTWjhaIQ&amp;_nc_tpa=Q5bMBQHh5BalD6llj-j7m2n4WMYfcx_pr3wRDdAYseiHG7mNbZI3xvwvvnzjvj7ioYNvjcm1Lz8N0cGGzw&amp;oh=00_Af3ENfgq3CQ4XcQYxtbVD23mybDRu9q1RxDXFODQ60SKAg&amp;oe=69ED42FD&quot;,&quot;640&quot;:&quot;https:\\\/\\\/scontent.cdninstagram.com\\\/v\\\/t51.82787-15\\\/657393983_18071745656320047_2092054511805885234_n.jpg?stp=dst-jpg_e35_tt6&amp;_nc_cat=103&amp;ccb=7-5&amp;_nc_sid=18de74&amp;efg=eyJlZmdfdGFnIjoiRkVFRC5iZXN0X2ltYWdlX3VybGdlbi5DMyJ9&amp;_nc_ohc=EO9jxJN189kQ7kNvwFp00zL&amp;_nc_oc=AdoRpXRTq8ihD99Xj_c_4q2Gh38BOVwqCXJBUKcvYK75zH7rDP5xDebPO1DBtV6h7LHyODx9Hd-IltO1EaRQCK6F&amp;_nc_zt=23&amp;_nc_ht=scontent.cdninstagram.com&amp;edm=ANo9K5cEAAAA&amp;_nc_gid=ozckw9rpSNTkZOCTWjhaIQ&amp;_nc_tpa=Q5bMBQHh5BalD6llj-j7m2n4WMYfcx_pr3wRDdAYseiHG7mNbZI3xvwvvnzjvj7ioYNvjcm1Lz8N0cGGzw&amp;oh=00_Af3ENfgq3CQ4XcQYxtbVD23mybDRu9q1RxDXFODQ60SKAg&amp;oe=69ED42FD&quot;}\">\n\t\t\t<span class=\"sbi-screenreader\">Klar for \u00e5 skape stemning bak baren p\u00e5 O\u2019Connor\u2019s?<\/span>\n\t\t\t\t\t\t\t\t\t<img decoding=\"async\" src=\"https:\/\/resthon.prod.dekodes.no\/content\/plugins\/instagram-feed\/img\/placeholder.png\" alt=\"Klar for \u00e5 skape stemning bak baren p\u00e5 O\u2019Connor\u2019s? \ud83c\uddf3\ud83c\uddf4\ud83c\uddee\ud83c\uddea\u2060\n\u2060\nMens vi fortsatt er p\u00e5 utkikk etter v\u00e5r nye daglig leder, er det \u00e9n ting som er sikkert: O\u2019Connor\u2019s i Harstad blir et sted som virkelig lever \u2013 med irsk inspirasjon, varme vibber, god mat, masse musikk, sport og kvelder fulle av energi. N\u00e5 s\u00f8ker vi bartendere som vil v\u00e6re med \u00e5 skape stemningen sammen med oss!\u2060\n\u2060\nHva venter deg hos oss?\u2060\n\ud83c\udf40 En sosial og im\u00f8tekommende pub med irsk gjestfrihet i fokus\u2060\n\ud83c\udfb6 Quizkvelder, live musikk og arrangementer\u2060\n\ud83c\udf7d\ufe0f Mat med irske r\u00f8tter og god stemning fra f\u00f8rste minutt \u2060\n\u2060\nVi ser etter deg som:\u2060\n\u2728 Er positiv, utadvendt og trygg i m\u00f8te med mennesker\u2060\n\u2728 Trives i et energisk og sosialt milj\u00f8\u2060\n\u2728 Har erfaring fra servering \u2013 eller bare den rette holdningen og lysten til \u00e5 l\u00e6re\u2060\n\u2060\nVi tilbyr:\u2060\n\u2705 Heltid, deltid eller ekstrahjelp \u2013 du velger hva som passer deg\u2060\n\u2705 Oppl\u00e6ring og utviklingsmuligheter\u2060\n\u2705 Et inkluderende team og en arbeidsplass med h\u00f8yt tempo og god energi \u2060\n\u2060\n\ud83d\udc49 Vil du bli en av de f\u00f8rste som former atmosf\u00e6ren i O\u2019Connor\u2019s Harstad \u2013 sammen med v\u00e5r kommende daglig leder?\u2060\n\u2060\nS\u00f8k via linken i bio! \ud83c\udf40\ud83d\udc9a\u2060\n.\u2060\n.\u2060\n.\u2060\n\u2060\n#oconnorsirishpub #oconnorsirishpubharstad #utelivharstad #harstadsentrum\" aria-hidden=\"true\">\n\t\t<\/a>\n\t<\/div>\n<\/div><div class=\"sbi_item sbi_type_image sbi_new sbi_transition\"\n\tid=\"sbi_17847647802677695\" data-date=\"1774272940\">\n\t<div class=\"sbi_photo_wrap\">\n\t\t<a class=\"sbi_photo\" href=\"https:\/\/www.instagram.com\/p\/DWOpSNXFXR5\/\" target=\"_blank\" rel=\"noopener nofollow\"\n\t\t\tdata-full-res=\"https:\/\/scontent.cdninstagram.com\/v\/t51.82787-15\/657147543_18068349044320047_8919759671299832487_n.jpg?stp=dst-jpg_e35_tt6&#038;_nc_cat=105&#038;ccb=7-5&#038;_nc_sid=18de74&#038;efg=eyJlZmdfdGFnIjoiRkVFRC5iZXN0X2ltYWdlX3VybGdlbi5DMyJ9&#038;_nc_ohc=tYptXeDbkU8Q7kNvwFjF3c0&#038;_nc_oc=AdruSW-3jXLoyHCLpzUgAI76AU8RDrsHeblp45i6tnPtm27ihKltyeq4yu2IoEx7UUYAvNANtGaWWelIjxGnhmYn&#038;_nc_zt=23&#038;_nc_ht=scontent.cdninstagram.com&#038;edm=ANo9K5cEAAAA&#038;_nc_gid=ozckw9rpSNTkZOCTWjhaIQ&#038;_nc_tpa=Q5bMBQEI_H_y5_DLeOyzUvZNFhMcRr5WfcScMqgWE7n0ioNtm19OKfQbG3JpNpZ-02V78LiRWjSKHRG9fQ&#038;oh=00_Af04hZu_p_X05Q3ddw6lIU5KmQpEtxFZDDvklOeW7Ofo_g&#038;oe=69ED44B9\"\n\t\t\tdata-img-src-set=\"{&quot;d&quot;:&quot;https:\\\/\\\/scontent.cdninstagram.com\\\/v\\\/t51.82787-15\\\/657147543_18068349044320047_8919759671299832487_n.jpg?stp=dst-jpg_e35_tt6&amp;_nc_cat=105&amp;ccb=7-5&amp;_nc_sid=18de74&amp;efg=eyJlZmdfdGFnIjoiRkVFRC5iZXN0X2ltYWdlX3VybGdlbi5DMyJ9&amp;_nc_ohc=tYptXeDbkU8Q7kNvwFjF3c0&amp;_nc_oc=AdruSW-3jXLoyHCLpzUgAI76AU8RDrsHeblp45i6tnPtm27ihKltyeq4yu2IoEx7UUYAvNANtGaWWelIjxGnhmYn&amp;_nc_zt=23&amp;_nc_ht=scontent.cdninstagram.com&amp;edm=ANo9K5cEAAAA&amp;_nc_gid=ozckw9rpSNTkZOCTWjhaIQ&amp;_nc_tpa=Q5bMBQEI_H_y5_DLeOyzUvZNFhMcRr5WfcScMqgWE7n0ioNtm19OKfQbG3JpNpZ-02V78LiRWjSKHRG9fQ&amp;oh=00_Af04hZu_p_X05Q3ddw6lIU5KmQpEtxFZDDvklOeW7Ofo_g&amp;oe=69ED44B9&quot;,&quot;150&quot;:&quot;https:\\\/\\\/scontent.cdninstagram.com\\\/v\\\/t51.82787-15\\\/657147543_18068349044320047_8919759671299832487_n.jpg?stp=dst-jpg_e35_tt6&amp;_nc_cat=105&amp;ccb=7-5&amp;_nc_sid=18de74&amp;efg=eyJlZmdfdGFnIjoiRkVFRC5iZXN0X2ltYWdlX3VybGdlbi5DMyJ9&amp;_nc_ohc=tYptXeDbkU8Q7kNvwFjF3c0&amp;_nc_oc=AdruSW-3jXLoyHCLpzUgAI76AU8RDrsHeblp45i6tnPtm27ihKltyeq4yu2IoEx7UUYAvNANtGaWWelIjxGnhmYn&amp;_nc_zt=23&amp;_nc_ht=scontent.cdninstagram.com&amp;edm=ANo9K5cEAAAA&amp;_nc_gid=ozckw9rpSNTkZOCTWjhaIQ&amp;_nc_tpa=Q5bMBQEI_H_y5_DLeOyzUvZNFhMcRr5WfcScMqgWE7n0ioNtm19OKfQbG3JpNpZ-02V78LiRWjSKHRG9fQ&amp;oh=00_Af04hZu_p_X05Q3ddw6lIU5KmQpEtxFZDDvklOeW7Ofo_g&amp;oe=69ED44B9&quot;,&quot;320&quot;:&quot;https:\\\/\\\/scontent.cdninstagram.com\\\/v\\\/t51.82787-15\\\/657147543_18068349044320047_8919759671299832487_n.jpg?stp=dst-jpg_e35_tt6&amp;_nc_cat=105&amp;ccb=7-5&amp;_nc_sid=18de74&amp;efg=eyJlZmdfdGFnIjoiRkVFRC5iZXN0X2ltYWdlX3VybGdlbi5DMyJ9&amp;_nc_ohc=tYptXeDbkU8Q7kNvwFjF3c0&amp;_nc_oc=AdruSW-3jXLoyHCLpzUgAI76AU8RDrsHeblp45i6tnPtm27ihKltyeq4yu2IoEx7UUYAvNANtGaWWelIjxGnhmYn&amp;_nc_zt=23&amp;_nc_ht=scontent.cdninstagram.com&amp;edm=ANo9K5cEAAAA&amp;_nc_gid=ozckw9rpSNTkZOCTWjhaIQ&amp;_nc_tpa=Q5bMBQEI_H_y5_DLeOyzUvZNFhMcRr5WfcScMqgWE7n0ioNtm19OKfQbG3JpNpZ-02V78LiRWjSKHRG9fQ&amp;oh=00_Af04hZu_p_X05Q3ddw6lIU5KmQpEtxFZDDvklOeW7Ofo_g&amp;oe=69ED44B9&quot;,&quot;640&quot;:&quot;https:\\\/\\\/scontent.cdninstagram.com\\\/v\\\/t51.82787-15\\\/657147543_18068349044320047_8919759671299832487_n.jpg?stp=dst-jpg_e35_tt6&amp;_nc_cat=105&amp;ccb=7-5&amp;_nc_sid=18de74&amp;efg=eyJlZmdfdGFnIjoiRkVFRC5iZXN0X2ltYWdlX3VybGdlbi5DMyJ9&amp;_nc_ohc=tYptXeDbkU8Q7kNvwFjF3c0&amp;_nc_oc=AdruSW-3jXLoyHCLpzUgAI76AU8RDrsHeblp45i6tnPtm27ihKltyeq4yu2IoEx7UUYAvNANtGaWWelIjxGnhmYn&amp;_nc_zt=23&amp;_nc_ht=scontent.cdninstagram.com&amp;edm=ANo9K5cEAAAA&amp;_nc_gid=ozckw9rpSNTkZOCTWjhaIQ&amp;_nc_tpa=Q5bMBQEI_H_y5_DLeOyzUvZNFhMcRr5WfcScMqgWE7n0ioNtm19OKfQbG3JpNpZ-02V78LiRWjSKHRG9fQ&amp;oh=00_Af04hZu_p_X05Q3ddw6lIU5KmQpEtxFZDDvklOeW7Ofo_g&amp;oe=69ED44B9&quot;}\">\n\t\t\t<span class=\"sbi-screenreader\">\u2728 Harstad \u2013 er dere klare?!\u2060\nO\u2019Connor\u2019s Irish Pub <\/span>\n\t\t\t\t\t\t\t\t\t<img decoding=\"async\" src=\"https:\/\/resthon.prod.dekodes.no\/content\/plugins\/instagram-feed\/img\/placeholder.png\" alt=\"\u2728 Harstad \u2013 er dere klare?!\u2060\nO\u2019Connor\u2019s Irish Pub \u00e5pner snart d\u00f8rene, og vi s\u00f8ker en daglig leder som vil v\u00e6re med \u00e5 bygge byens nye m\u00f8teplass! \ud83c\uddee\ud83c\uddea\ud83c\udf7b\u2060\n\u2060\nEr du en som skaper god stemning, elsker folk og brenner for drift, kvalitet og opplevelser? Da vil vi h\u00f8re fra deg!\u2060\n\u2060\nHos oss f\u00e5r du:\u2060\n\ud83c\udf40 Muligheten til \u00e5 bygge et helt nytt pubkonsept fra bunnen av\u2060\n\ud83c\udf40 Et levende milj\u00f8 med mat, drikke, musikk, quiz &amp; sport\u2060\n\ud83c\udf40 Ansvar for team, kultur, arrangementer og den gode O\u2019Connor\u2019s\u2011f\u00f8lelsen\u2060\n\ud83c\udf40 St\u00f8tte fra et solid fagmilj\u00f8 \u2013 og stor p\u00e5virkningskraft\u2060\n\u2060\nVi ser etter en trygg, engasjert ledertype som trives i tempo, elsker vertskapsrollen og skaper et sted folk vil komme tilbake til igjen og igjen.\u2060\n\u2060\n\ud83d\udc49 S\u00f8knadsfrist: 1. mai 2026\u2060\n\ud83d\udccd O\u2019Connor\u2019s Harstad\u2060\n\ud83d\udccc Fulltid\u2060\n\u2060\nKlar for \u00e5 sette ditt preg p\u00e5 Harstads nye m\u00f8teplass? S\u00f8k n\u00e5 \u2013 og bli med p\u00e5 reisen! Link i bio \u27a1\ufe0f@oconnors_harstad \u2728\u2060\n.\u2060\n.\u2060\n.\u2060\n#oconnorsirishpub #oconnorsirishpubharstad #utelivharstad #harstadsentrum\" aria-hidden=\"true\">\n\t\t<\/a>\n\t<\/div>\n<\/div><div class=\"sbi_item sbi_type_image sbi_new sbi_transition\"\n\tid=\"sbi_18170883646398305\" data-date=\"1773929917\">\n\t<div class=\"sbi_photo_wrap\">\n\t\t<a class=\"sbi_photo\" href=\"https:\/\/www.instagram.com\/p\/DWEaw0aDOFc\/\" target=\"_blank\" rel=\"noopener nofollow\"\n\t\t\tdata-full-res=\"https:\/\/scontent.cdninstagram.com\/v\/t51.82787-15\/653899813_18067100027320047_4746993642637927678_n.jpg?stp=dst-jpg_e35_tt6&#038;_nc_cat=109&#038;ccb=7-5&#038;_nc_sid=18de74&#038;efg=eyJlZmdfdGFnIjoiRkVFRC5iZXN0X2ltYWdlX3VybGdlbi5DMyJ9&#038;_nc_ohc=e6d8g0imt2oQ7kNvwFKpi6a&#038;_nc_oc=AdpvYWMDDzm_sacFdfAoME9X6lT5SwlYDRag63cozf1ExGFiD_olx0N4V8Xb57eRGa7NMRkMyNDx1hf9JVW6DLfC&#038;_nc_zt=23&#038;_nc_ht=scontent.cdninstagram.com&#038;edm=ANo9K5cEAAAA&#038;_nc_gid=ozckw9rpSNTkZOCTWjhaIQ&#038;_nc_tpa=Q5bMBQEtaZYs87gWrWP6L8OnhRzBXzw7b9UvmVnBuCJv3FSbJXuKX9F_URBHv_9ajK64eqiHDdWJoOflEg&#038;oh=00_Af1mszgDavE_GXRbwMWRLbF8vICaiHfp_KsMB_W_tB3jvQ&#038;oe=69ED1810\"\n\t\t\tdata-img-src-set=\"{&quot;d&quot;:&quot;https:\\\/\\\/scontent.cdninstagram.com\\\/v\\\/t51.82787-15\\\/653899813_18067100027320047_4746993642637927678_n.jpg?stp=dst-jpg_e35_tt6&amp;_nc_cat=109&amp;ccb=7-5&amp;_nc_sid=18de74&amp;efg=eyJlZmdfdGFnIjoiRkVFRC5iZXN0X2ltYWdlX3VybGdlbi5DMyJ9&amp;_nc_ohc=e6d8g0imt2oQ7kNvwFKpi6a&amp;_nc_oc=AdpvYWMDDzm_sacFdfAoME9X6lT5SwlYDRag63cozf1ExGFiD_olx0N4V8Xb57eRGa7NMRkMyNDx1hf9JVW6DLfC&amp;_nc_zt=23&amp;_nc_ht=scontent.cdninstagram.com&amp;edm=ANo9K5cEAAAA&amp;_nc_gid=ozckw9rpSNTkZOCTWjhaIQ&amp;_nc_tpa=Q5bMBQEtaZYs87gWrWP6L8OnhRzBXzw7b9UvmVnBuCJv3FSbJXuKX9F_URBHv_9ajK64eqiHDdWJoOflEg&amp;oh=00_Af1mszgDavE_GXRbwMWRLbF8vICaiHfp_KsMB_W_tB3jvQ&amp;oe=69ED1810&quot;,&quot;150&quot;:&quot;https:\\\/\\\/scontent.cdninstagram.com\\\/v\\\/t51.82787-15\\\/653899813_18067100027320047_4746993642637927678_n.jpg?stp=dst-jpg_e35_tt6&amp;_nc_cat=109&amp;ccb=7-5&amp;_nc_sid=18de74&amp;efg=eyJlZmdfdGFnIjoiRkVFRC5iZXN0X2ltYWdlX3VybGdlbi5DMyJ9&amp;_nc_ohc=e6d8g0imt2oQ7kNvwFKpi6a&amp;_nc_oc=AdpvYWMDDzm_sacFdfAoME9X6lT5SwlYDRag63cozf1ExGFiD_olx0N4V8Xb57eRGa7NMRkMyNDx1hf9JVW6DLfC&amp;_nc_zt=23&amp;_nc_ht=scontent.cdninstagram.com&amp;edm=ANo9K5cEAAAA&amp;_nc_gid=ozckw9rpSNTkZOCTWjhaIQ&amp;_nc_tpa=Q5bMBQEtaZYs87gWrWP6L8OnhRzBXzw7b9UvmVnBuCJv3FSbJXuKX9F_URBHv_9ajK64eqiHDdWJoOflEg&amp;oh=00_Af1mszgDavE_GXRbwMWRLbF8vICaiHfp_KsMB_W_tB3jvQ&amp;oe=69ED1810&quot;,&quot;320&quot;:&quot;https:\\\/\\\/scontent.cdninstagram.com\\\/v\\\/t51.82787-15\\\/653899813_18067100027320047_4746993642637927678_n.jpg?stp=dst-jpg_e35_tt6&amp;_nc_cat=109&amp;ccb=7-5&amp;_nc_sid=18de74&amp;efg=eyJlZmdfdGFnIjoiRkVFRC5iZXN0X2ltYWdlX3VybGdlbi5DMyJ9&amp;_nc_ohc=e6d8g0imt2oQ7kNvwFKpi6a&amp;_nc_oc=AdpvYWMDDzm_sacFdfAoME9X6lT5SwlYDRag63cozf1ExGFiD_olx0N4V8Xb57eRGa7NMRkMyNDx1hf9JVW6DLfC&amp;_nc_zt=23&amp;_nc_ht=scontent.cdninstagram.com&amp;edm=ANo9K5cEAAAA&amp;_nc_gid=ozckw9rpSNTkZOCTWjhaIQ&amp;_nc_tpa=Q5bMBQEtaZYs87gWrWP6L8OnhRzBXzw7b9UvmVnBuCJv3FSbJXuKX9F_URBHv_9ajK64eqiHDdWJoOflEg&amp;oh=00_Af1mszgDavE_GXRbwMWRLbF8vICaiHfp_KsMB_W_tB3jvQ&amp;oe=69ED1810&quot;,&quot;640&quot;:&quot;https:\\\/\\\/scontent.cdninstagram.com\\\/v\\\/t51.82787-15\\\/653899813_18067100027320047_4746993642637927678_n.jpg?stp=dst-jpg_e35_tt6&amp;_nc_cat=109&amp;ccb=7-5&amp;_nc_sid=18de74&amp;efg=eyJlZmdfdGFnIjoiRkVFRC5iZXN0X2ltYWdlX3VybGdlbi5DMyJ9&amp;_nc_ohc=e6d8g0imt2oQ7kNvwFKpi6a&amp;_nc_oc=AdpvYWMDDzm_sacFdfAoME9X6lT5SwlYDRag63cozf1ExGFiD_olx0N4V8Xb57eRGa7NMRkMyNDx1hf9JVW6DLfC&amp;_nc_zt=23&amp;_nc_ht=scontent.cdninstagram.com&amp;edm=ANo9K5cEAAAA&amp;_nc_gid=ozckw9rpSNTkZOCTWjhaIQ&amp;_nc_tpa=Q5bMBQEtaZYs87gWrWP6L8OnhRzBXzw7b9UvmVnBuCJv3FSbJXuKX9F_URBHv_9ajK64eqiHDdWJoOflEg&amp;oh=00_Af1mszgDavE_GXRbwMWRLbF8vICaiHfp_KsMB_W_tB3jvQ&amp;oe=69ED1810&quot;}\">\n\t\t\t<span class=\"sbi-screenreader\">Coming soon! # \ud83c\uddf3\ud83c\uddf4\u2618\ufe0f\ud83c\uddee\ud83c\uddea<\/span>\n\t\t\t\t\t\t\t\t\t<img decoding=\"async\" src=\"https:\/\/resthon.prod.dekodes.no\/content\/plugins\/instagram-feed\/img\/placeholder.png\" alt=\"Coming soon! # \ud83c\uddf3\ud83c\uddf4\u2618\ufe0f\ud83c\uddee\ud83c\uddea\" aria-hidden=\"true\">\n\t\t<\/a>\n\t<\/div>\n<\/div>\t<\/div>\n\n\t<div id=\"sbi_load\" >\n\n\t\n\t\n<\/div>\n\t\t<span class=\"sbi_resized_image_data\" data-feed-id=\"*1\"\n\t\t  data-resized=\"{&quot;17864260716666744&quot;:{&quot;id&quot;:&quot;657393983_18071745656320047_2092054511805885234_n&quot;,&quot;ratio&quot;:&quot;0.80&quot;,&quot;sizes&quot;:{&quot;full&quot;:640,&quot;low&quot;:320,&quot;thumb&quot;:150},&quot;extension&quot;:&quot;.webp&quot;},&quot;17847647802677695&quot;:{&quot;id&quot;:&quot;657147543_18068349044320047_8919759671299832487_n&quot;,&quot;ratio&quot;:&quot;0.80&quot;,&quot;sizes&quot;:{&quot;full&quot;:640,&quot;low&quot;:320,&quot;thumb&quot;:150},&quot;extension&quot;:&quot;.webp&quot;},&quot;18170883646398305&quot;:{&quot;id&quot;:&quot;653899813_18067100027320047_4746993642637927678_n&quot;,&quot;ratio&quot;:&quot;0.80&quot;,&quot;sizes&quot;:{&quot;full&quot;:640,&quot;low&quot;:320,&quot;thumb&quot;:150},&quot;extension&quot;:&quot;.webp&quot;}}\">\n\t<\/span>\n\t<\/div>\n\n\n\n\n<div class=\"wp-block-buttons is-content-justification-center is-layout-flex wp-container-core-buttons-is-layout-a89b3969 wp-block-buttons-is-layout-flex\">\n<div class=\"wp-block-button has-icon has-icon-instagram has-iconposition-left\"><a class=\"wp-block-button__link has-text-align-center wp-element-button\" href=\"https:\/\/www.instagram.com\/oconnors_harstad\/\" target=\"_blank\" rel=\"noreferrer noopener\"><svg xmlns=\"http:\/\/www.w3.org\/2000\/svg\" viewBox=\"0 0 24 24\" height=\"24\" width=\"24\" class=\"t2-icon t2-icon-instagram\" aria-hidden=\"true\" focusable=\"false\"><path d=\"M7.8 2h8.4C19.4 2 22 4.6 22 7.8v8.4a5.8 5.8 0 0 1-5.8 5.8H7.8C4.6 22 2 19.4 2 16.2V7.8A5.8 5.8 0 0 1 7.8 2m-.2 2A3.6 3.6 0 0 0 4 7.6v8.8C4 18.39 5.61 20 7.6 20h8.8a3.6 3.6 0 0 0 3.6-3.6V7.6C20 5.61 18.39 4 16.4 4H7.6m9.65 1.5a1.25 1.25 0 0 1 1.25 1.25A1.25 1.25 0 0 1 17.25 8 1.25 1.25 0 0 1 16 6.75a1.25 1.25 0 0 1 1.25-1.25M12 7a5 5 0 0 1 5 5 5 5 0 0 1-5 5 5 5 0 0 1-5-5 5 5 0 0 1 5-5m0 2a3 3 0 0 0-3 3 3 3 0 0 0 3 3 3 3 0 0 0 3-3 3 3 0 0 0-3-3z\"\/><\/svg>F\u00f8lg oss p\u00e5 Instagram<\/a><\/div>\n<\/div>\n","protected":false},"excerpt":{"rendered":"<p>Velkommen til O&#8217;Connor&#8217;s Harstad\/H\u00e1rstt\u00e1k I hjertet av Harstad vil du snart finne noe nytt. O\u2019Connor\u2019s&#8230;<\/p>\n","protected":false},"author":1,"featured_media":0,"parent":0,"menu_order":0,"comment_status":"closed","ping_status":"closed","template":"","meta":{"_acf_changed":false,"editor_notices":[],"footnotes":""},"class_list":["post-8","page","type-page","status-publish","hentry"],"acf":[],"yoast_head":"<!-- This site is optimized with the Yoast SEO Premium plugin v27.3 (Yoast SEO v27.3) - https:\/\/yoast.com\/product\/yoast-seo-premium-wordpress\/ -->\n<title>Forside | \u00c5pner 2026 | O&#039;Connors Harstad<\/title>\n<meta name=\"description\" content=\"O&#039;Connor&#039;s Harstad \u2013 ditt nye irske hjem i nord. Sport p\u00e5 storskjerm, deilig pubmat og mye mer. \u00c5pner i andre kvartal 2026.\" \/>\n<meta name=\"robots\" content=\"noindex, follow\" \/>\n<meta property=\"og:locale\" content=\"nb_NO\" \/>\n<meta property=\"og:type\" content=\"article\" \/>\n<meta property=\"og:title\" content=\"Forside\" \/>\n<meta property=\"og:description\" content=\"O&#039;Connor&#039;s Harstad \u2013 ditt nye irske hjem i nord. Sport p\u00e5 storskjerm, deilig pubmat og mye mer. \u00c5pner i andre kvartal 2026.\" \/>\n<meta property=\"og:url\" content=\"https:\/\/oconnors.no\/harstad\/\" \/>\n<meta property=\"og:site_name\" content=\"O&#039;Connors Harstad\" \/>\n<meta property=\"article:modified_time\" content=\"2026-04-21T10:34:35+00:00\" \/>\n<meta name=\"twitter:card\" content=\"summary_large_image\" \/>\n<meta name=\"twitter:label1\" content=\"Ansl. lesetid\" \/>\n\t<meta name=\"twitter:data1\" content=\"1 minutt\" \/>\n<script type=\"application\/ld+json\" class=\"yoast-schema-graph\">{\"@context\":\"https:\\\/\\\/schema.org\",\"@graph\":[{\"@type\":\"WebPage\",\"@id\":\"https:\\\/\\\/oconnors.no\\\/harstad\\\/\",\"url\":\"https:\\\/\\\/oconnors.no\\\/harstad\\\/\",\"name\":\"Forside | \u00c5pner 2026 | O&#039;Connors Harstad\",\"isPartOf\":{\"@id\":\"https:\\\/\\\/oconnors.no\\\/harstad\\\/#website\"},\"datePublished\":\"2026-03-31T13:55:31+00:00\",\"dateModified\":\"2026-04-21T10:34:35+00:00\",\"description\":\"O'Connor's Harstad \u2013 ditt nye irske hjem i nord. Sport p\u00e5 storskjerm, deilig pubmat og mye mer. \u00c5pner i andre kvartal 2026.\",\"breadcrumb\":{\"@id\":\"https:\\\/\\\/oconnors.no\\\/harstad\\\/#breadcrumb\"},\"inLanguage\":\"nb-NO\",\"potentialAction\":[{\"@type\":\"ReadAction\",\"target\":[\"https:\\\/\\\/oconnors.no\\\/harstad\\\/\"]}]},{\"@type\":\"BreadcrumbList\",\"@id\":\"https:\\\/\\\/oconnors.no\\\/harstad\\\/#breadcrumb\",\"itemListElement\":[{\"@type\":\"ListItem\",\"position\":1,\"name\":\"Hjem\",\"item\":\"https:\\\/\\\/oconnors.no\\\/harstad\\\/\"},{\"@type\":\"ListItem\",\"position\":2,\"name\":\"Forside\"}]},{\"@type\":\"WebSite\",\"@id\":\"https:\\\/\\\/oconnors.no\\\/harstad\\\/#website\",\"url\":\"https:\\\/\\\/oconnors.no\\\/harstad\\\/\",\"name\":\"O&#039;Connors Harstad\",\"description\":\"\",\"potentialAction\":[{\"@type\":\"SearchAction\",\"target\":{\"@type\":\"EntryPoint\",\"urlTemplate\":\"https:\\\/\\\/oconnors.no\\\/harstad\\\/?s={search_term_string}\"},\"query-input\":{\"@type\":\"PropertyValueSpecification\",\"valueRequired\":true,\"valueName\":\"search_term_string\"}}],\"inLanguage\":\"nb-NO\"}]}<\/script>\n<!-- \/ Yoast SEO Premium plugin. -->","yoast_head_json":{"title":"Forside | \u00c5pner 2026 | O&#039;Connors Harstad","description":"O'Connor's Harstad \u2013 ditt nye irske hjem i nord. Sport p\u00e5 storskjerm, deilig pubmat og mye mer. \u00c5pner i andre kvartal 2026.","robots":{"index":"noindex","follow":"follow"},"og_locale":"nb_NO","og_type":"article","og_title":"Forside","og_description":"O'Connor's Harstad \u2013 ditt nye irske hjem i nord. Sport p\u00e5 storskjerm, deilig pubmat og mye mer. \u00c5pner i andre kvartal 2026.","og_url":"https:\/\/oconnors.no\/harstad\/","og_site_name":"O&#039;Connors Harstad","article_modified_time":"2026-04-21T10:34:35+00:00","twitter_card":"summary_large_image","twitter_misc":{"Ansl. lesetid":"1 minutt"},"schema":{"@context":"https:\/\/schema.org","@graph":[{"@type":"WebPage","@id":"https:\/\/oconnors.no\/harstad\/","url":"https:\/\/oconnors.no\/harstad\/","name":"Forside | \u00c5pner 2026 | O&#039;Connors Harstad","isPartOf":{"@id":"https:\/\/oconnors.no\/harstad\/#website"},"datePublished":"2026-03-31T13:55:31+00:00","dateModified":"2026-04-21T10:34:35+00:00","description":"O'Connor's Harstad \u2013 ditt nye irske hjem i nord. Sport p\u00e5 storskjerm, deilig pubmat og mye mer. \u00c5pner i andre kvartal 2026.","breadcrumb":{"@id":"https:\/\/oconnors.no\/harstad\/#breadcrumb"},"inLanguage":"nb-NO","potentialAction":[{"@type":"ReadAction","target":["https:\/\/oconnors.no\/harstad\/"]}]},{"@type":"BreadcrumbList","@id":"https:\/\/oconnors.no\/harstad\/#breadcrumb","itemListElement":[{"@type":"ListItem","position":1,"name":"Hjem","item":"https:\/\/oconnors.no\/harstad\/"},{"@type":"ListItem","position":2,"name":"Forside"}]},{"@type":"WebSite","@id":"https:\/\/oconnors.no\/harstad\/#website","url":"https:\/\/oconnors.no\/harstad\/","name":"O&#039;Connors Harstad","description":"","potentialAction":[{"@type":"SearchAction","target":{"@type":"EntryPoint","urlTemplate":"https:\/\/oconnors.no\/harstad\/?s={search_term_string}"},"query-input":{"@type":"PropertyValueSpecification","valueRequired":true,"valueName":"search_term_string"}}],"inLanguage":"nb-NO"}]}},"_links":{"self":[{"href":"https:\/\/oconnors.no\/harstad\/wp-json\/wp\/v2\/pages\/8","targetHints":{"allow":["GET"]}}],"collection":[{"href":"https:\/\/oconnors.no\/harstad\/wp-json\/wp\/v2\/pages"}],"about":[{"href":"https:\/\/oconnors.no\/harstad\/wp-json\/wp\/v2\/types\/page"}],"author":[{"embeddable":true,"href":"https:\/\/oconnors.no\/harstad\/wp-json\/wp\/v2\/users\/1"}],"replies":[{"embeddable":true,"href":"https:\/\/oconnors.no\/harstad\/wp-json\/wp\/v2\/comments?post=8"}],"version-history":[{"count":4,"href":"https:\/\/oconnors.no\/harstad\/wp-json\/wp\/v2\/pages\/8\/revisions"}],"predecessor-version":[{"id":41,"href":"https:\/\/oconnors.no\/harstad\/wp-json\/wp\/v2\/pages\/8\/revisions\/41"}],"wp:attachment":[{"href":"https:\/\/oconnors.no\/harstad\/wp-json\/wp\/v2\/media?parent=8"}],"curies":[{"name":"wp","href":"https:\/\/api.w.org\/{rel}","templated":true}]}}