{"id":26,"date":"2024-03-25T14:36:29","date_gmt":"2024-03-25T13:36:29","guid":{"rendered":"https:\/\/oconnors.no\/oslo\/?page_id=26"},"modified":"2026-03-26T12:47:12","modified_gmt":"2026-03-26T11:47:12","slug":"drikke","status":"publish","type":"page","link":"https:\/\/oconnors.no\/oslo\/drikke\/","title":{"rendered":"Drikke"},"content":{"rendered":"\n\t<div style=\"--t2-hero-dim:0.6;\" class=\"t2-hero t2-hero-content-position-center-center t2-hero-has-dim-60 t2-hero-has-fullsize-image alignfull wp-block-t2-hero alignfull\">\n\t\t<img decoding=\"async\" width=\"2560\" height=\"1829\" src=\"https:\/\/resthon.prod.dekodes.no\/content\/uploads\/sites\/5\/2024\/04\/7IV3709bw-2560x1829.jpg\" class=\"t2-hero__image\" alt=\"En mann st\u00e5r bak en barbenk og pusser et glass\" style=\"object-position: 67% 61%;\" loading=\"eager\" fetchpriority=\"high\" srcset=\"https:\/\/resthon.prod.dekodes.no\/content\/uploads\/sites\/5\/2024\/04\/7IV3709bw-2560x1829.jpg 2560w, https:\/\/resthon.prod.dekodes.no\/content\/uploads\/sites\/5\/2024\/04\/7IV3709bw-300x214.jpg 300w, https:\/\/resthon.prod.dekodes.no\/content\/uploads\/sites\/5\/2024\/04\/7IV3709bw-1024x731.jpg 1024w, https:\/\/resthon.prod.dekodes.no\/content\/uploads\/sites\/5\/2024\/04\/7IV3709bw-768x549.jpg 768w, https:\/\/resthon.prod.dekodes.no\/content\/uploads\/sites\/5\/2024\/04\/7IV3709bw-1536x1097.jpg 1536w, https:\/\/resthon.prod.dekodes.no\/content\/uploads\/sites\/5\/2024\/04\/7IV3709bw-2048x1463.jpg 2048w\" sizes=\"(max-width: 2560px) 100vw, 2560px\" \/>\n\t\t<div class=\"t2-hero__header\"><div class=\"t2-hero__header__content\">\n\n<h1 class=\"wp-block-heading alignwide has-text-align-center\" id=\"h-drikke\">Drikke<\/h1>\n\n\n\n<p>Utforsk hva vi har \u00e5 by p\u00e5 av drikke. <\/p>\n\n\n\n<div class=\"wp-block-buttons is-content-justification-center is-layout-flex wp-container-core-buttons-is-layout-a89b3969 wp-block-buttons-is-layout-flex\">\n<div class=\"wp-block-button\"><a class=\"wp-block-button__link wp-element-button\" href=\"#menu-container\">Se v\u00e5r drikkemeny<\/a><\/div>\n<\/div>\n\n<\/div><\/div>\n\t<\/div>\n\n\n<h2 class=\"wp-block-heading\" id=\"h-velkommen-til-en-ny-smaksopplevelse\">Velkommen til en ny smaksopplevelse!<\/h2>\n\n\n\n<p>V\u00e5r omfattende drikkemeny vil ta deg p\u00e5 en reise gjennom Irlands beste, med et imponerende utvalg av forfriskende ales, delikate whiskyer og deilige cocktails. Fra den klassiske Guinness til lokale favoritter, vi har noe for enhver gane.<\/p>\n","protected":false},"excerpt":{"rendered":"<p>Velkommen til en ny smaksopplevelse! V\u00e5r omfattende drikkemeny vil ta deg p\u00e5 en reise gjennom&#8230;<\/p>\n","protected":false},"author":3,"featured_media":214,"parent":0,"menu_order":0,"comment_status":"closed","ping_status":"closed","template":"","meta":{"_acf_changed":false,"editor_notices":[],"footnotes":""},"class_list":["post-26","page","type-page","status-publish","has-post-thumbnail","hentry"],"acf":[],"yoast_head":"<!-- This site is optimized with the Yoast SEO Premium plugin v27.3 (Yoast SEO v27.3) - https:\/\/yoast.com\/product\/yoast-seo-premium-wordpress\/ -->\n<title>Drikke - O&#039;Connors Oslo<\/title>\n<meta name=\"description\" content=\"O&#039;Connor&#039;s Oslo tilbyr et stort utvalg av drikke. Fra \u00f8l til cocktails, og selvf\u00f8lgelig alkoholfrie alternativer. Se v\u00e5r meny.\" \/>\n<meta name=\"robots\" content=\"index, follow, max-snippet:-1, max-image-preview:large, max-video-preview:-1\" \/>\n<link rel=\"canonical\" href=\"https:\/\/oconnors.no\/oslo\/drikke\/\" \/>\n<meta property=\"og:locale\" content=\"nb_NO\" \/>\n<meta property=\"og:type\" content=\"article\" \/>\n<meta property=\"og:title\" content=\"Drikke\" \/>\n<meta property=\"og:description\" content=\"O&#039;Connor&#039;s Oslo tilbyr et stort utvalg av drikke. Fra \u00f8l til cocktails, og selvf\u00f8lgelig alkoholfrie alternativer. Se v\u00e5r meny.\" \/>\n<meta property=\"og:url\" content=\"https:\/\/oconnors.no\/oslo\/drikke\/\" \/>\n<meta property=\"og:site_name\" content=\"O&#039;Connors Oslo\" \/>\n<meta property=\"article:modified_time\" content=\"2026-03-26T11:47:12+00:00\" \/>\n<meta property=\"og:image\" content=\"https:\/\/resthon.prod.dekodes.no\/content\/uploads\/sites\/5\/2024\/04\/7IV3709bw-scaled.jpg\" \/>\n\t<meta property=\"og:image:width\" content=\"2560\" \/>\n\t<meta property=\"og:image:height\" content=\"1829\" \/>\n\t<meta property=\"og:image:type\" content=\"image\/jpeg\" \/>\n<meta name=\"twitter:card\" content=\"summary_large_image\" \/>\n<meta name=\"twitter:label1\" content=\"Ansl. lesetid\" \/>\n\t<meta name=\"twitter:data1\" content=\"1 minutt\" \/>\n<script type=\"application\/ld+json\" class=\"yoast-schema-graph\">{\"@context\":\"https:\\\/\\\/schema.org\",\"@graph\":[{\"@type\":\"WebPage\",\"@id\":\"https:\\\/\\\/oconnors.no\\\/oslo\\\/drikke\\\/\",\"url\":\"https:\\\/\\\/oconnors.no\\\/oslo\\\/drikke\\\/\",\"name\":\"Drikke - O&#039;Connors Oslo\",\"isPartOf\":{\"@id\":\"https:\\\/\\\/oconnors.no\\\/oslo\\\/#website\"},\"primaryImageOfPage\":{\"@id\":\"https:\\\/\\\/oconnors.no\\\/oslo\\\/drikke\\\/#primaryimage\"},\"image\":{\"@id\":\"https:\\\/\\\/oconnors.no\\\/oslo\\\/drikke\\\/#primaryimage\"},\"thumbnailUrl\":\"https:\\\/\\\/resthon.prod.dekodes.no\\\/content\\\/uploads\\\/sites\\\/5\\\/2024\\\/04\\\/7IV3709bw-scaled.jpg\",\"datePublished\":\"2024-03-25T13:36:29+00:00\",\"dateModified\":\"2026-03-26T11:47:12+00:00\",\"description\":\"O'Connor's Oslo tilbyr et stort utvalg av drikke. Fra \u00f8l til cocktails, og selvf\u00f8lgelig alkoholfrie alternativer. Se v\u00e5r meny.\",\"breadcrumb\":{\"@id\":\"https:\\\/\\\/oconnors.no\\\/oslo\\\/drikke\\\/#breadcrumb\"},\"inLanguage\":\"nb-NO\",\"potentialAction\":[{\"@type\":\"ReadAction\",\"target\":[\"https:\\\/\\\/oconnors.no\\\/oslo\\\/drikke\\\/\"]}]},{\"@type\":\"ImageObject\",\"inLanguage\":\"nb-NO\",\"@id\":\"https:\\\/\\\/oconnors.no\\\/oslo\\\/drikke\\\/#primaryimage\",\"url\":\"https:\\\/\\\/resthon.prod.dekodes.no\\\/content\\\/uploads\\\/sites\\\/5\\\/2024\\\/04\\\/7IV3709bw-scaled.jpg\",\"contentUrl\":\"https:\\\/\\\/resthon.prod.dekodes.no\\\/content\\\/uploads\\\/sites\\\/5\\\/2024\\\/04\\\/7IV3709bw-scaled.jpg\",\"width\":2560,\"height\":1829,\"caption\":\"En mann st\u00e5r bak en barbenk og pusser et glass\"},{\"@type\":\"BreadcrumbList\",\"@id\":\"https:\\\/\\\/oconnors.no\\\/oslo\\\/drikke\\\/#breadcrumb\",\"itemListElement\":[{\"@type\":\"ListItem\",\"position\":1,\"name\":\"Home\",\"item\":\"https:\\\/\\\/oconnors.no\\\/oslo\\\/\"},{\"@type\":\"ListItem\",\"position\":2,\"name\":\"Drikke\"}]},{\"@type\":\"WebSite\",\"@id\":\"https:\\\/\\\/oconnors.no\\\/oslo\\\/#website\",\"url\":\"https:\\\/\\\/oconnors.no\\\/oslo\\\/\",\"name\":\"O&#039;Connors Oslo\",\"description\":\"\",\"publisher\":{\"@id\":\"https:\\\/\\\/oconnors.no\\\/oslo\\\/#organization\"},\"potentialAction\":[{\"@type\":\"SearchAction\",\"target\":{\"@type\":\"EntryPoint\",\"urlTemplate\":\"https:\\\/\\\/oconnors.no\\\/oslo\\\/?s={search_term_string}\"},\"query-input\":{\"@type\":\"PropertyValueSpecification\",\"valueRequired\":true,\"valueName\":\"search_term_string\"}}],\"inLanguage\":\"nb-NO\"},{\"@type\":\"Organization\",\"@id\":\"https:\\\/\\\/oconnors.no\\\/oslo\\\/#organization\",\"name\":\"O&#039;Connors Oslo\",\"url\":\"https:\\\/\\\/oconnors.no\\\/oslo\\\/\",\"logo\":{\"@type\":\"ImageObject\",\"inLanguage\":\"nb-NO\",\"@id\":\"https:\\\/\\\/oconnors.no\\\/oslo\\\/#\\\/schema\\\/logo\\\/image\\\/\",\"url\":\"https:\\\/\\\/resthon.prod.dekodes.no\\\/content\\\/uploads\\\/sites\\\/5\\\/2024\\\/03\\\/logo-oconnors-oslo.svg\",\"contentUrl\":\"https:\\\/\\\/resthon.prod.dekodes.no\\\/content\\\/uploads\\\/sites\\\/5\\\/2024\\\/03\\\/logo-oconnors-oslo.svg\",\"caption\":\"O&#039;Connors Oslo\"},\"image\":{\"@id\":\"https:\\\/\\\/oconnors.no\\\/oslo\\\/#\\\/schema\\\/logo\\\/image\\\/\"}}]}<\/script>\n<!-- \/ Yoast SEO Premium plugin. -->","yoast_head_json":{"title":"Drikke - O&#039;Connors Oslo","description":"O'Connor's Oslo tilbyr et stort utvalg av drikke. Fra \u00f8l til cocktails, og selvf\u00f8lgelig alkoholfrie alternativer. Se v\u00e5r meny.","robots":{"index":"index","follow":"follow","max-snippet":"max-snippet:-1","max-image-preview":"max-image-preview:large","max-video-preview":"max-video-preview:-1"},"canonical":"https:\/\/oconnors.no\/oslo\/drikke\/","og_locale":"nb_NO","og_type":"article","og_title":"Drikke","og_description":"O'Connor's Oslo tilbyr et stort utvalg av drikke. Fra \u00f8l til cocktails, og selvf\u00f8lgelig alkoholfrie alternativer. Se v\u00e5r meny.","og_url":"https:\/\/oconnors.no\/oslo\/drikke\/","og_site_name":"O&#039;Connors Oslo","article_modified_time":"2026-03-26T11:47:12+00:00","og_image":[{"width":2560,"height":1829,"url":"https:\/\/resthon.prod.dekodes.no\/content\/uploads\/sites\/5\/2024\/04\/7IV3709bw-scaled.jpg","type":"image\/jpeg"}],"twitter_card":"summary_large_image","twitter_misc":{"Ansl. lesetid":"1 minutt"},"schema":{"@context":"https:\/\/schema.org","@graph":[{"@type":"WebPage","@id":"https:\/\/oconnors.no\/oslo\/drikke\/","url":"https:\/\/oconnors.no\/oslo\/drikke\/","name":"Drikke - O&#039;Connors Oslo","isPartOf":{"@id":"https:\/\/oconnors.no\/oslo\/#website"},"primaryImageOfPage":{"@id":"https:\/\/oconnors.no\/oslo\/drikke\/#primaryimage"},"image":{"@id":"https:\/\/oconnors.no\/oslo\/drikke\/#primaryimage"},"thumbnailUrl":"https:\/\/resthon.prod.dekodes.no\/content\/uploads\/sites\/5\/2024\/04\/7IV3709bw-scaled.jpg","datePublished":"2024-03-25T13:36:29+00:00","dateModified":"2026-03-26T11:47:12+00:00","description":"O'Connor's Oslo tilbyr et stort utvalg av drikke. Fra \u00f8l til cocktails, og selvf\u00f8lgelig alkoholfrie alternativer. Se v\u00e5r meny.","breadcrumb":{"@id":"https:\/\/oconnors.no\/oslo\/drikke\/#breadcrumb"},"inLanguage":"nb-NO","potentialAction":[{"@type":"ReadAction","target":["https:\/\/oconnors.no\/oslo\/drikke\/"]}]},{"@type":"ImageObject","inLanguage":"nb-NO","@id":"https:\/\/oconnors.no\/oslo\/drikke\/#primaryimage","url":"https:\/\/resthon.prod.dekodes.no\/content\/uploads\/sites\/5\/2024\/04\/7IV3709bw-scaled.jpg","contentUrl":"https:\/\/resthon.prod.dekodes.no\/content\/uploads\/sites\/5\/2024\/04\/7IV3709bw-scaled.jpg","width":2560,"height":1829,"caption":"En mann st\u00e5r bak en barbenk og pusser et glass"},{"@type":"BreadcrumbList","@id":"https:\/\/oconnors.no\/oslo\/drikke\/#breadcrumb","itemListElement":[{"@type":"ListItem","position":1,"name":"Home","item":"https:\/\/oconnors.no\/oslo\/"},{"@type":"ListItem","position":2,"name":"Drikke"}]},{"@type":"WebSite","@id":"https:\/\/oconnors.no\/oslo\/#website","url":"https:\/\/oconnors.no\/oslo\/","name":"O&#039;Connors Oslo","description":"","publisher":{"@id":"https:\/\/oconnors.no\/oslo\/#organization"},"potentialAction":[{"@type":"SearchAction","target":{"@type":"EntryPoint","urlTemplate":"https:\/\/oconnors.no\/oslo\/?s={search_term_string}"},"query-input":{"@type":"PropertyValueSpecification","valueRequired":true,"valueName":"search_term_string"}}],"inLanguage":"nb-NO"},{"@type":"Organization","@id":"https:\/\/oconnors.no\/oslo\/#organization","name":"O&#039;Connors Oslo","url":"https:\/\/oconnors.no\/oslo\/","logo":{"@type":"ImageObject","inLanguage":"nb-NO","@id":"https:\/\/oconnors.no\/oslo\/#\/schema\/logo\/image\/","url":"https:\/\/resthon.prod.dekodes.no\/content\/uploads\/sites\/5\/2024\/03\/logo-oconnors-oslo.svg","contentUrl":"https:\/\/resthon.prod.dekodes.no\/content\/uploads\/sites\/5\/2024\/03\/logo-oconnors-oslo.svg","caption":"O&#039;Connors Oslo"},"image":{"@id":"https:\/\/oconnors.no\/oslo\/#\/schema\/logo\/image\/"}}]}},"_links":{"self":[{"href":"https:\/\/oconnors.no\/oslo\/wp-json\/wp\/v2\/pages\/26","targetHints":{"allow":["GET"]}}],"collection":[{"href":"https:\/\/oconnors.no\/oslo\/wp-json\/wp\/v2\/pages"}],"about":[{"href":"https:\/\/oconnors.no\/oslo\/wp-json\/wp\/v2\/types\/page"}],"author":[{"embeddable":true,"href":"https:\/\/oconnors.no\/oslo\/wp-json\/wp\/v2\/users\/3"}],"replies":[{"embeddable":true,"href":"https:\/\/oconnors.no\/oslo\/wp-json\/wp\/v2\/comments?post=26"}],"version-history":[{"count":4,"href":"https:\/\/oconnors.no\/oslo\/wp-json\/wp\/v2\/pages\/26\/revisions"}],"predecessor-version":[{"id":1908,"href":"https:\/\/oconnors.no\/oslo\/wp-json\/wp\/v2\/pages\/26\/revisions\/1908"}],"wp:featuredmedia":[{"embeddable":true,"href":"https:\/\/oconnors.no\/oslo\/wp-json\/wp\/v2\/media\/214"}],"wp:attachment":[{"href":"https:\/\/oconnors.no\/oslo\/wp-json\/wp\/v2\/media?parent=26"}],"curies":[{"name":"wp","href":"https:\/\/api.w.org\/{rel}","templated":true}]}}